{"id":579,"date":"2021-04-12T12:54:08","date_gmt":"2021-04-12T12:54:08","guid":{"rendered":"https:\/\/campingorleans.com\/produit\/cheque-cadeau\/"},"modified":"2022-09-06T18:09:59","modified_gmt":"2022-09-06T18:09:59","slug":"gift-certificates","status":"publish","type":"product","link":"https:\/\/campingorleans.com\/en\/produit\/gift-certificates\/","title":{"rendered":"Gift certificates"},"content":{"rendered":"\n<div class=\"wp-block-cover alignfull has-background-dim-20 has-black-background-color has-background-dim hero\"><img loading=\"lazy\" decoding=\"async\" width=\"2560\" height=\"1102\" class=\"wp-block-cover__image-background wp-image-401\" alt=\"\" src=\"https:\/\/campingorleans.com\/app\/uploads\/2021\/04\/camping-orleans-cheque-cadeau-scaled.jpg\" style=\"object-position:45% 0%\" data-object-fit=\"cover\" data-object-position=\"45% 0%\" srcset=\"https:\/\/campingorleans.com\/app\/uploads\/2021\/04\/camping-orleans-cheque-cadeau-scaled.jpg 2560w, https:\/\/campingorleans.com\/app\/uploads\/2021\/04\/camping-orleans-cheque-cadeau-scaled-600x258.jpg 600w, https:\/\/campingorleans.com\/app\/uploads\/2021\/04\/camping-orleans-cheque-cadeau-800x344.jpg 800w, https:\/\/campingorleans.com\/app\/uploads\/2021\/04\/camping-orleans-cheque-cadeau-1024x441.jpg 1024w, https:\/\/campingorleans.com\/app\/uploads\/2021\/04\/camping-orleans-cheque-cadeau-768x330.jpg 768w, https:\/\/campingorleans.com\/app\/uploads\/2021\/04\/camping-orleans-cheque-cadeau-1536x661.jpg 1536w, https:\/\/campingorleans.com\/app\/uploads\/2021\/04\/camping-orleans-cheque-cadeau-2048x881.jpg 2048w\" sizes=\"auto, (max-width: 2560px) 100vw, 2560px\" \/><div class=\"wp-block-cover__inner-container is-layout-flow wp-block-cover-is-layout-flow\">\n<h1 class=\"has-text-align-center wp-block-heading\">Gift certificates<\/h1>\n<\/div><\/div>\n","protected":false},"excerpt":{"rendered":"","protected":false},"featured_media":0,"template":"","meta":{"_acf_changed":false},"product_cat":[26],"product_tag":[],"class_list":{"0":"post-579","1":"product","2":"type-product","3":"status-publish","5":"product_cat-non-classe-en","7":"first","8":"outofstock","9":"sold-individually","10":"taxable","11":"shipping-taxable","12":"purchasable","13":"product-type-pw-gift-card"},"acf":[],"yoast_head":"<!-- This site is optimized with the Yoast SEO plugin v22.6 - https:\/\/yoast.com\/wordpress\/plugins\/seo\/ -->\n<title>Gift certificates - Camping Orl\u00e9ans<\/title>\n<meta name=\"robots\" content=\"index, follow, max-snippet:-1, max-image-preview:large, max-video-preview:-1\" \/>\n<link rel=\"canonical\" href=\"https:\/\/campingorleans.com\/en\/produit\/gift-certificates\/\" \/>\n<meta property=\"og:locale\" content=\"en_US\" \/>\n<meta property=\"og:type\" content=\"article\" \/>\n<meta property=\"og:title\" content=\"Gift certificates - Camping Orl\u00e9ans\" \/>\n<meta property=\"og:url\" content=\"https:\/\/campingorleans.com\/en\/produit\/gift-certificates\/\" \/>\n<meta property=\"og:site_name\" content=\"Camping Orl\u00e9ans\" \/>\n<meta property=\"article:publisher\" content=\"https:\/\/www.facebook.com\/campingorleans\" \/>\n<meta property=\"article:modified_time\" content=\"2022-09-06T18:09:59+00:00\" \/>\n<meta property=\"og:image\" content=\"https:\/\/campingorleans.com\/app\/uploads\/2021\/04\/camping-orleans-cheque-cadeau-scaled.jpg\" \/>\n<meta name=\"twitter:card\" content=\"summary_large_image\" \/>\n<meta name=\"twitter:label1\" content=\"Est. reading time\" \/>\n\t<meta name=\"twitter:data1\" content=\"1 minute\" \/>\n<script type=\"application\/ld+json\" class=\"yoast-schema-graph\">{\"@context\":\"https:\/\/schema.org\",\"@graph\":[{\"@type\":\"WebPage\",\"@id\":\"https:\/\/campingorleans.com\/en\/produit\/gift-certificates\/\",\"url\":\"https:\/\/campingorleans.com\/en\/produit\/gift-certificates\/\",\"name\":\"Gift certificates - Camping Orl\u00e9ans\",\"isPartOf\":{\"@id\":\"https:\/\/campingorleans.com\/en\/#website\"},\"primaryImageOfPage\":{\"@id\":\"https:\/\/campingorleans.com\/en\/produit\/gift-certificates\/#primaryimage\"},\"image\":{\"@id\":\"https:\/\/campingorleans.com\/en\/produit\/gift-certificates\/#primaryimage\"},\"thumbnailUrl\":\"https:\/\/campingorleans.com\/app\/uploads\/2021\/04\/camping-orleans-cheque-cadeau-scaled.jpg\",\"datePublished\":\"2021-04-12T12:54:08+00:00\",\"dateModified\":\"2022-09-06T18:09:59+00:00\",\"breadcrumb\":{\"@id\":\"https:\/\/campingorleans.com\/en\/produit\/gift-certificates\/#breadcrumb\"},\"inLanguage\":\"en-US\",\"potentialAction\":[{\"@type\":\"ReadAction\",\"target\":[\"https:\/\/campingorleans.com\/en\/produit\/gift-certificates\/\"]}]},{\"@type\":\"ImageObject\",\"inLanguage\":\"en-US\",\"@id\":\"https:\/\/campingorleans.com\/en\/produit\/gift-certificates\/#primaryimage\",\"url\":\"https:\/\/campingorleans.com\/app\/uploads\/2021\/04\/camping-orleans-cheque-cadeau-scaled.jpg\",\"contentUrl\":\"https:\/\/campingorleans.com\/app\/uploads\/2021\/04\/camping-orleans-cheque-cadeau-scaled.jpg\"},{\"@type\":\"BreadcrumbList\",\"@id\":\"https:\/\/campingorleans.com\/en\/produit\/gift-certificates\/#breadcrumb\",\"itemListElement\":[{\"@type\":\"ListItem\",\"position\":1,\"name\":\"Accueil\",\"item\":\"https:\/\/campingorleans.com\/en\/\"},{\"@type\":\"ListItem\",\"position\":2,\"name\":\"Products\",\"item\":\"https:\/\/campingorleans.com\/en\/shop\/\"},{\"@type\":\"ListItem\",\"position\":3,\"name\":\"Gift certificates\"}]},{\"@type\":\"WebSite\",\"@id\":\"https:\/\/campingorleans.com\/en\/#website\",\"url\":\"https:\/\/campingorleans.com\/en\/\",\"name\":\"Camping Orl\u00e9ans\",\"description\":\"\u00cele d&#039;Orl\u00e9ans | Qu\u00e9bec\",\"publisher\":{\"@id\":\"https:\/\/campingorleans.com\/en\/#organization\"},\"potentialAction\":[{\"@type\":\"SearchAction\",\"target\":{\"@type\":\"EntryPoint\",\"urlTemplate\":\"https:\/\/campingorleans.com\/en\/?s={search_term_string}\"},\"query-input\":\"required name=search_term_string\"}],\"inLanguage\":\"en-US\"},{\"@type\":\"Organization\",\"@id\":\"https:\/\/campingorleans.com\/en\/#organization\",\"name\":\"Camping Orl\u00e9ans\",\"url\":\"https:\/\/campingorleans.com\/en\/\",\"logo\":{\"@type\":\"ImageObject\",\"inLanguage\":\"en-US\",\"@id\":\"https:\/\/campingorleans.com\/en\/#\/schema\/logo\/image\/\",\"url\":\"https:\/\/campingorleans.com\/app\/uploads\/2021\/04\/icon-camping-orleans.svg\",\"contentUrl\":\"https:\/\/campingorleans.com\/app\/uploads\/2021\/04\/icon-camping-orleans.svg\",\"width\":67,\"height\":67,\"caption\":\"Camping Orl\u00e9ans\"},\"image\":{\"@id\":\"https:\/\/campingorleans.com\/en\/#\/schema\/logo\/image\/\"},\"sameAs\":[\"https:\/\/www.facebook.com\/campingorleans\",\"https:\/\/www.instagram.com\/campingorleans\/\"]}]}<\/script>\n<!-- \/ Yoast SEO plugin. -->","yoast_head_json":{"title":"Gift certificates - Camping Orl\u00e9ans","robots":{"index":"index","follow":"follow","max-snippet":"max-snippet:-1","max-image-preview":"max-image-preview:large","max-video-preview":"max-video-preview:-1"},"canonical":"https:\/\/campingorleans.com\/en\/produit\/gift-certificates\/","og_locale":"en_US","og_type":"article","og_title":"Gift certificates - Camping Orl\u00e9ans","og_url":"https:\/\/campingorleans.com\/en\/produit\/gift-certificates\/","og_site_name":"Camping Orl\u00e9ans","article_publisher":"https:\/\/www.facebook.com\/campingorleans","article_modified_time":"2022-09-06T18:09:59+00:00","og_image":[{"url":"https:\/\/campingorleans.com\/app\/uploads\/2021\/04\/camping-orleans-cheque-cadeau-scaled.jpg"}],"twitter_card":"summary_large_image","twitter_misc":{"Est. reading time":"1 minute"},"schema":{"@context":"https:\/\/schema.org","@graph":[{"@type":"WebPage","@id":"https:\/\/campingorleans.com\/en\/produit\/gift-certificates\/","url":"https:\/\/campingorleans.com\/en\/produit\/gift-certificates\/","name":"Gift certificates - Camping Orl\u00e9ans","isPartOf":{"@id":"https:\/\/campingorleans.com\/en\/#website"},"primaryImageOfPage":{"@id":"https:\/\/campingorleans.com\/en\/produit\/gift-certificates\/#primaryimage"},"image":{"@id":"https:\/\/campingorleans.com\/en\/produit\/gift-certificates\/#primaryimage"},"thumbnailUrl":"https:\/\/campingorleans.com\/app\/uploads\/2021\/04\/camping-orleans-cheque-cadeau-scaled.jpg","datePublished":"2021-04-12T12:54:08+00:00","dateModified":"2022-09-06T18:09:59+00:00","breadcrumb":{"@id":"https:\/\/campingorleans.com\/en\/produit\/gift-certificates\/#breadcrumb"},"inLanguage":"en-US","potentialAction":[{"@type":"ReadAction","target":["https:\/\/campingorleans.com\/en\/produit\/gift-certificates\/"]}]},{"@type":"ImageObject","inLanguage":"en-US","@id":"https:\/\/campingorleans.com\/en\/produit\/gift-certificates\/#primaryimage","url":"https:\/\/campingorleans.com\/app\/uploads\/2021\/04\/camping-orleans-cheque-cadeau-scaled.jpg","contentUrl":"https:\/\/campingorleans.com\/app\/uploads\/2021\/04\/camping-orleans-cheque-cadeau-scaled.jpg"},{"@type":"BreadcrumbList","@id":"https:\/\/campingorleans.com\/en\/produit\/gift-certificates\/#breadcrumb","itemListElement":[{"@type":"ListItem","position":1,"name":"Accueil","item":"https:\/\/campingorleans.com\/en\/"},{"@type":"ListItem","position":2,"name":"Products","item":"https:\/\/campingorleans.com\/en\/shop\/"},{"@type":"ListItem","position":3,"name":"Gift certificates"}]},{"@type":"WebSite","@id":"https:\/\/campingorleans.com\/en\/#website","url":"https:\/\/campingorleans.com\/en\/","name":"Camping Orl\u00e9ans","description":"\u00cele d&#039;Orl\u00e9ans | Qu\u00e9bec","publisher":{"@id":"https:\/\/campingorleans.com\/en\/#organization"},"potentialAction":[{"@type":"SearchAction","target":{"@type":"EntryPoint","urlTemplate":"https:\/\/campingorleans.com\/en\/?s={search_term_string}"},"query-input":"required name=search_term_string"}],"inLanguage":"en-US"},{"@type":"Organization","@id":"https:\/\/campingorleans.com\/en\/#organization","name":"Camping Orl\u00e9ans","url":"https:\/\/campingorleans.com\/en\/","logo":{"@type":"ImageObject","inLanguage":"en-US","@id":"https:\/\/campingorleans.com\/en\/#\/schema\/logo\/image\/","url":"https:\/\/campingorleans.com\/app\/uploads\/2021\/04\/icon-camping-orleans.svg","contentUrl":"https:\/\/campingorleans.com\/app\/uploads\/2021\/04\/icon-camping-orleans.svg","width":67,"height":67,"caption":"Camping Orl\u00e9ans"},"image":{"@id":"https:\/\/campingorleans.com\/en\/#\/schema\/logo\/image\/"},"sameAs":["https:\/\/www.facebook.com\/campingorleans","https:\/\/www.instagram.com\/campingorleans\/"]}]}},"_links":{"self":[{"href":"https:\/\/campingorleans.com\/en\/wp-json\/wp\/v2\/product\/579","targetHints":{"allow":["GET"]}}],"collection":[{"href":"https:\/\/campingorleans.com\/en\/wp-json\/wp\/v2\/product"}],"about":[{"href":"https:\/\/campingorleans.com\/en\/wp-json\/wp\/v2\/types\/product"}],"wp:attachment":[{"href":"https:\/\/campingorleans.com\/en\/wp-json\/wp\/v2\/media?parent=579"}],"wp:term":[{"taxonomy":"product_cat","embeddable":true,"href":"https:\/\/campingorleans.com\/en\/wp-json\/wp\/v2\/product_cat?post=579"},{"taxonomy":"product_tag","embeddable":true,"href":"https:\/\/campingorleans.com\/en\/wp-json\/wp\/v2\/product_tag?post=579"}],"curies":[{"name":"wp","href":"https:\/\/api.w.org\/{rel}","templated":true}]}}