{"id":567,"date":"2021-04-08T13:19:13","date_gmt":"2021-04-08T13:19:13","guid":{"rendered":"https:\/\/campingorleans.com\/accueil\/"},"modified":"2025-12-24T03:41:32","modified_gmt":"2025-12-24T03:41:32","slug":"accueil","status":"publish","type":"page","link":"https:\/\/campingorleans.com\/en\/","title":{"rendered":"Home"},"content":{"rendered":"\n<div class=\"wp-block-columns alignwide is-layout-flex wp-container-core-columns-is-layout-9d6595d7 wp-block-columns-is-layout-flex\">\n<div class=\"wp-block-column is-layout-flow wp-block-column-is-layout-flow\"><div class=\"wp-block-image icon-circle\">\n<figure class=\"aligncenter size-large is-resized\"><img loading=\"lazy\" decoding=\"async\" width=\"200\" height=\"200\" src=\"https:\/\/campingorleans.com\/app\/uploads\/\/2021\/04\/icon-reservation.svg\" alt=\"\" class=\"wp-image-391\" style=\"width:150px;height:150px\"\/><\/figure>\n<\/div>\n\n\n<div style=\"height:40px\" aria-hidden=\"true\" class=\"wp-block-spacer\"><\/div>\n\n\n\n<h2 class=\"wp-block-heading has-text-align-center has-40-font-size\">Reservation<\/h2>\n\n\n\n<div style=\"height:10px\" aria-hidden=\"true\" class=\"wp-block-spacer\"><\/div>\n\n\n\n<p class=\"paragraph has-text-align-center has-18-font-size\">All reservations are made online.<br>Place yours now.<\/p>\n\n\n\n<div class=\"wp-block-buttons is-horizontal is-content-justification-center is-layout-flex wp-container-core-buttons-is-layout-499968f5 wp-block-buttons-is-layout-flex\">\n<div class=\"wp-block-button is-style-arrow\"><a class=\"wp-block-button__link has-cyan-color has-text-color wp-element-button\" href=\"https:\/\/roadcamp.ca\/fr\/camping\/camping-orleans\" target=\"_blank\" rel=\"noreferrer noopener\">Book<svg width=\"21.414\" height=\"11.414\" class=\"ml-4\"><defs><clipPath id=\"clipPath_a\"><path fill=\"none\" stroke=\"currentColor\" d=\"M0 0h21.414v11.414H0z\"\/><\/clipPath><\/defs><g clip-path=\"url(#clipPath_a)\" fill=\"none\" stroke=\"currentColor\" stroke-miterlimit=\"10\" stroke-width=\"2\"><path d=\"M0 5.707h20M15 10.707l5-5-5-5\"\/><\/g><\/svg><\/a><\/div>\n<\/div>\n\n\n\n<div style=\"height:85px\" aria-hidden=\"true\" class=\"wp-block-spacer\"><\/div>\n<\/div>\n\n\n\n<div class=\"wp-block-column is-layout-flow wp-block-column-is-layout-flow\"><div class=\"wp-block-image icon-circle\">\n<figure class=\"aligncenter size-large is-resized\"><img loading=\"lazy\" decoding=\"async\" width=\"200\" height=\"200\" src=\"https:\/\/campingorleans.com\/app\/uploads\/\/2021\/04\/icon-plan.svg\" alt=\"\" class=\"wp-image-390\" style=\"width:150px;height:150px\"\/><\/figure>\n<\/div>\n\n\n<div style=\"height:40px\" aria-hidden=\"true\" class=\"wp-block-spacer\"><\/div>\n\n\n\n<h2 class=\"wp-block-heading has-text-align-center has-40-font-size\">Camping map<\/h2>\n\n\n\n<div style=\"height:10px\" aria-hidden=\"true\" class=\"wp-block-spacer\"><\/div>\n\n\n\n<p class=\"paragraph has-text-align-center has-18-font-size\">See our camping map.<\/p>\n\n\n\n<div class=\"wp-block-buttons is-horizontal is-content-justification-center is-layout-flex wp-container-core-buttons-is-layout-499968f5 wp-block-buttons-is-layout-flex\">\n<div class=\"wp-block-button is-style-arrow\"><a class=\"wp-block-button__link has-cyan-color has-text-color wp-element-button\" href=\"https:\/\/campingorleans.com\/en\/camping-map\/\">Discover<svg width=\"21.414\" height=\"11.414\" class=\"ml-4\"><defs><clipPath id=\"clipPath_a\"><path fill=\"none\" stroke=\"currentColor\" d=\"M0 0h21.414v11.414H0z\"\/><\/clipPath><\/defs><g clip-path=\"url(#clipPath_a)\" fill=\"none\" stroke=\"currentColor\" stroke-miterlimit=\"10\" stroke-width=\"2\"><path d=\"M0 5.707h20M15 10.707l5-5-5-5\"\/><\/g><\/svg><\/a><\/div>\n<\/div>\n\n\n\n<div style=\"height:85px\" aria-hidden=\"true\" class=\"wp-block-spacer\"><\/div>\n<\/div>\n\n\n\n<div class=\"wp-block-column is-layout-flow wp-block-column-is-layout-flow\"><div class=\"wp-block-image icon-circle\">\n<figure class=\"aligncenter size-large is-resized\"><img loading=\"lazy\" decoding=\"async\" width=\"200\" height=\"200\" src=\"https:\/\/campingorleans.com\/app\/uploads\/\/2021\/04\/icone-visite-virtuelle.svg\" alt=\"\" class=\"wp-image-389\" style=\"width:150px;height:150px\"\/><\/figure>\n<\/div>\n\n\n<div style=\"height:40px\" aria-hidden=\"true\" class=\"wp-block-spacer\"><\/div>\n\n\n\n<h2 class=\"wp-block-heading has-text-align-center has-40-font-size\">Virtual visit<\/h2>\n\n\n\n<div style=\"height:10px\" aria-hidden=\"true\" class=\"wp-block-spacer\"><\/div>\n\n\n\n<p class=\"paragraph has-text-align-center has-18-font-size\">Discover our camping before real visit!<\/p>\n\n\n\n<div class=\"wp-block-buttons is-horizontal is-content-justification-center is-layout-flex wp-container-core-buttons-is-layout-499968f5 wp-block-buttons-is-layout-flex\">\n<div class=\"wp-block-button is-style-arrow\"><a class=\"wp-block-button__link has-cyan-color has-text-color wp-element-button\" href=\"https:\/\/campingorleans.com\/en\/virtual-visit\/\">Visit<svg width=\"21.414\" height=\"11.414\" class=\"ml-4\"><defs><clipPath id=\"clipPath_a\"><path fill=\"none\" stroke=\"currentColor\" d=\"M0 0h21.414v11.414H0z\"\/><\/clipPath><\/defs><g clip-path=\"url(#clipPath_a)\" fill=\"none\" stroke=\"currentColor\" stroke-miterlimit=\"10\" stroke-width=\"2\"><path d=\"M0 5.707h20M15 10.707l5-5-5-5\"\/><\/g><\/svg><\/a><\/div>\n<\/div>\n\n\n\n<div style=\"height:85px\" aria-hidden=\"true\" class=\"wp-block-spacer\"><\/div>\n<\/div>\n<\/div>\n\n\n\n<div style=\"height:55px\" aria-hidden=\"true\" class=\"wp-block-spacer hidden md:block\"><\/div>\n\n\n\n<div class=\"wp-block-group alignfull has-primary-background-color has-background\"><div class=\"wp-block-group__inner-container is-layout-flow wp-block-group-is-layout-flow\">\n<div style=\"height:120px\" aria-hidden=\"true\" class=\"wp-block-spacer\"><\/div>\n\n\n\n<div class=\"wp-block-media-text alignwide is-stacked-on-mobile is-vertically-aligned-center has-blue-background-color has-background\"><figure class=\"wp-block-media-text__media\"><img loading=\"lazy\" decoding=\"async\" width=\"614\" height=\"600\" src=\"https:\/\/campingorleans.com\/app\/uploads\/2021\/04\/photo-camping-orleans-2.jpg\" alt=\"\" class=\"wp-image-388 size-medium\" srcset=\"https:\/\/campingorleans.com\/app\/uploads\/2021\/04\/photo-camping-orleans-2.jpg 614w, https:\/\/campingorleans.com\/app\/uploads\/2021\/04\/photo-camping-orleans-2-600x586.jpg 600w\" sizes=\"auto, (max-width: 614px) 100vw, 614px\" \/><\/figure><div class=\"wp-block-media-text__content\">\n\n<h2 class=\"has-white-color has-text-color wp-block-heading\">The only 5-star campground in the Quebec City region<\/h2>\n\n\n<p class=\"paragraph has-white-color has-text-color has-22-font-size\">Discover all the possible services on the campground.<\/p>\n\n\n<div class=\"wp-block-buttons is-layout-flex wp-block-buttons-is-layout-flex\">\n\n<div class=\"wp-block-button is-style-arrow\"><a class=\"wp-block-button__link has-cyan-color has-text-color\" href=\"https:\/\/campingorleans.com\/en\/services\/\">See our services<svg width=\"21.414\" height=\"11.414\" class=\"ml-4\"><defs><clipPath id=\"clipPath_a\"><path fill=\"none\" stroke=\"currentColor\" d=\"M0 0h21.414v11.414H0z\"\/><\/clipPath><\/defs><g clip-path=\"url(#clipPath_a)\" fill=\"none\" stroke=\"currentColor\" stroke-miterlimit=\"10\" stroke-width=\"2\"><path d=\"M0 5.707h20M15 10.707l5-5-5-5\"\/><\/g><\/svg><\/a><\/div>\n\n<\/div>\n\n<\/div><\/div>\n\n\n\n<div style=\"height:100px\" aria-hidden=\"true\" class=\"wp-block-spacer\"><\/div>\n\n\n\n<div class=\"wp-block-media-text alignwide has-media-on-the-right is-vertically-aligned-center has-blue-background-color has-background\"><figure class=\"wp-block-media-text__media\"><img loading=\"lazy\" decoding=\"async\" width=\"614\" height=\"600\" src=\"https:\/\/campingorleans.com\/app\/uploads\/2021\/04\/photo-camping-orleans-1.jpg\" alt=\"\" class=\"wp-image-379 size-medium\" srcset=\"https:\/\/campingorleans.com\/app\/uploads\/2021\/04\/photo-camping-orleans-1.jpg 614w, https:\/\/campingorleans.com\/app\/uploads\/2021\/04\/photo-camping-orleans-1-600x586.jpg 600w\" sizes=\"auto, (max-width: 614px) 100vw, 614px\" \/><\/figure><div class=\"wp-block-media-text__content\">\n\n<h2 class=\"has-white-color has-text-color wp-block-heading\">Be foresight<\/h2>\n\n\n<p class=\"paragraph has-white-color has-text-color has-22-font-size\">We have gathered all the useful information here.<\/p>\n\n\n<div class=\"wp-block-buttons is-layout-flex wp-block-buttons-is-layout-flex\">\n\n<div class=\"wp-block-button is-style-arrow\"><a class=\"wp-block-button__link has-cyan-color has-text-color\" href=\"https:\/\/campingorleans.com\/en\/informations\/\">View information<svg width=\"21.414\" height=\"11.414\" class=\"ml-4\"><defs><clipPath id=\"clipPath_a\"><path fill=\"none\" stroke=\"currentColor\" d=\"M0 0h21.414v11.414H0z\"\/><\/clipPath><\/defs><g clip-path=\"url(#clipPath_a)\" fill=\"none\" stroke=\"currentColor\" stroke-miterlimit=\"10\" stroke-width=\"2\"><path d=\"M0 5.707h20M15 10.707l5-5-5-5\"\/><\/g><\/svg><\/a><\/div>\n\n<\/div>\n\n<\/div><\/div>\n\n\n\n<div style=\"height:100px\" aria-hidden=\"true\" class=\"wp-block-spacer\"><\/div>\n<\/div><\/div>\n\n\n\n<div class=\"wp-block-cover alignfull has-background-dim-60 has-primary-background-color has-background-dim\"><img loading=\"lazy\" decoding=\"async\" width=\"1920\" height=\"1414\" class=\"wp-block-cover__image-background wp-image-386\" alt=\"\" src=\"https:\/\/campingorleans.com\/app\/uploads\/2021\/04\/photo-7.jpg\" data-object-fit=\"cover\" srcset=\"https:\/\/campingorleans.com\/app\/uploads\/2021\/04\/photo-7.jpg 1920w, https:\/\/campingorleans.com\/app\/uploads\/2021\/04\/photo-7-600x442.jpg 600w, https:\/\/campingorleans.com\/app\/uploads\/2021\/04\/photo-7-800x589.jpg 800w, https:\/\/campingorleans.com\/app\/uploads\/2021\/04\/photo-7-1024x754.jpg 1024w, https:\/\/campingorleans.com\/app\/uploads\/2021\/04\/photo-7-768x566.jpg 768w, https:\/\/campingorleans.com\/app\/uploads\/2021\/04\/photo-7-1536x1131.jpg 1536w\" sizes=\"auto, (max-width: 1920px) 100vw, 1920px\" \/><div class=\"wp-block-cover__inner-container is-layout-flow wp-block-cover-is-layout-flow\">\n\n<div style=\"height:100px\" aria-hidden=\"true\" class=\"wp-block-spacer\"><\/div>\n\n\n<div style=\"height:50px\" aria-hidden=\"true\" class=\"wp-block-spacer hidden md:block\"><\/div>\n\n\n<div class=\"wp-block-image icon-circle\"><figure class=\"aligncenter size-large is-resized\"><img decoding=\"async\" src=\"https:\/\/campingorleans.com\/app\/uploads\/\/2021\/04\/Logo-Classification-5etoiles.svg\" alt=\"\" class=\"wp-image-387\" width=\"200\"\/><\/figure><\/div>\n\n\n<div style=\"height:20px\" aria-hidden=\"true\" class=\"wp-block-spacer\"><\/div>\n\n\n<h2 class=\"has-text-align-center wp-block-heading\">A guarantee of excellence<\/h2>\n\n\n<div style=\"height:20px\" aria-hidden=\"true\" class=\"wp-block-spacer\"><\/div>\n\n\n<p class=\"paragraph has-text-align-center mb-4 has-22-font-size\">Award recipient of excellence since 2001.<\/p>\n\n\n<div class=\"wp-block-buttons is-content-justification-center is-layout-flex wp-block-buttons-is-layout-flex\">\n\n<div class=\"wp-block-button is-style-arrow\"><a class=\"wp-block-button__link has-cyan-color has-text-color\" href=\"https:\/\/campingorleans.com\/en\/awards\/\">See our awards<svg width=\"21.414\" height=\"11.414\" class=\"ml-4\"><defs><clipPath id=\"clipPath_a\"><path fill=\"none\" stroke=\"currentColor\" d=\"M0 0h21.414v11.414H0z\"\/><\/clipPath><\/defs><g clip-path=\"url(#clipPath_a)\" fill=\"none\" stroke=\"currentColor\" stroke-miterlimit=\"10\" stroke-width=\"2\"><path d=\"M0 5.707h20M15 10.707l5-5-5-5\"\/><\/g><\/svg><\/a><\/div>\n\n<\/div>\n\n\n<div style=\"height:90px\" aria-hidden=\"true\" class=\"wp-block-spacer\"><\/div>\n\n\n<div style=\"height:10px\" aria-hidden=\"true\" class=\"wp-block-spacer hidden md:block\"><\/div>\n\n<\/div><\/div>\n\n\n\n<div style=\"height:50px\" aria-hidden=\"true\" class=\"wp-block-spacer hidden md:block\"><\/div>\n\n\n\n<div style=\"height:100px\" aria-hidden=\"true\" class=\"wp-block-spacer\"><\/div>\n\n\n\n<h2 class=\"wp-block-heading has-text-align-center\">The campground in pictures<\/h2>\n\n\n\n<div style=\"height:50px\" aria-hidden=\"true\" class=\"wp-block-spacer hidden md:block\"><\/div>\n\n\n\n<div style=\"height:20px\" aria-hidden=\"true\" class=\"wp-block-spacer\"><\/div>\n\n\n\n<figure class=\"wp-block-gallery alignwide columns-2 is-cropped wp-block-gallery-1 is-layout-flex wp-block-gallery-is-layout-flex\"><ul class=\"blocks-gallery-grid\"><li class=\"blocks-gallery-item\"><figure><a href=\"https:\/\/campingorleans.com\/app\/uploads\/2021\/04\/photo-1-590x390.jpg\"><img loading=\"lazy\" decoding=\"async\" width=\"590\" height=\"390\" src=\"https:\/\/campingorleans.com\/app\/uploads\/2021\/04\/photo-1-590x390.jpg\" alt=\"\" data-id=\"97\" data-full-url=\"https:\/\/campingorleans.com\/app\/uploads\/2021\/04\/photo-1.jpg\" data-link=\"https:\/\/campingorleans.com\/accueil\/photo-1\/\" class=\"wp-image-97\"\/><\/a><\/figure><\/li><li class=\"blocks-gallery-item\"><figure><a href=\"https:\/\/campingorleans.com\/app\/uploads\/2021\/04\/photo-2-590x390.jpg\"><img loading=\"lazy\" decoding=\"async\" width=\"590\" height=\"390\" src=\"https:\/\/campingorleans.com\/app\/uploads\/2021\/04\/photo-2-590x390.jpg\" alt=\"\" data-id=\"96\" data-full-url=\"https:\/\/campingorleans.com\/app\/uploads\/2021\/04\/photo-2.jpg\" data-link=\"https:\/\/campingorleans.com\/accueil\/photo-2\/\" class=\"wp-image-96\"\/><\/a><\/figure><\/li><li class=\"blocks-gallery-item\"><figure><a href=\"https:\/\/campingorleans.com\/app\/uploads\/2021\/04\/photo-3-590x390.jpg\"><img loading=\"lazy\" decoding=\"async\" width=\"590\" height=\"390\" src=\"https:\/\/campingorleans.com\/app\/uploads\/2021\/04\/photo-3-590x390.jpg\" alt=\"\" data-id=\"95\" data-full-url=\"https:\/\/campingorleans.com\/app\/uploads\/2021\/04\/photo-3.jpg\" data-link=\"https:\/\/campingorleans.com\/accueil\/photo-3\/\" class=\"wp-image-95\"\/><\/a><\/figure><\/li><li class=\"blocks-gallery-item\"><figure><a href=\"https:\/\/campingorleans.com\/app\/uploads\/2021\/04\/photo-4-590x390.jpg\"><img loading=\"lazy\" decoding=\"async\" width=\"590\" height=\"390\" src=\"https:\/\/campingorleans.com\/app\/uploads\/2021\/04\/photo-4-590x390.jpg\" alt=\"\" data-id=\"94\" data-full-url=\"https:\/\/campingorleans.com\/app\/uploads\/2021\/04\/photo-4.jpg\" data-link=\"https:\/\/campingorleans.com\/accueil\/photo-4\/\" class=\"wp-image-94\"\/><\/a><\/figure><\/li><li class=\"blocks-gallery-item\"><figure><a href=\"https:\/\/campingorleans.com\/app\/uploads\/2021\/04\/photo-5-590x390.jpg\"><img loading=\"lazy\" decoding=\"async\" width=\"590\" height=\"390\" src=\"https:\/\/campingorleans.com\/app\/uploads\/2021\/04\/photo-5-590x390.jpg\" alt=\"\" data-id=\"99\" data-full-url=\"https:\/\/campingorleans.com\/app\/uploads\/2021\/04\/photo-5.jpg\" data-link=\"https:\/\/campingorleans.com\/accueil\/photo-5\/\" class=\"wp-image-99\"\/><\/a><\/figure><\/li><li class=\"blocks-gallery-item\"><figure><a href=\"https:\/\/campingorleans.com\/app\/uploads\/2021\/04\/photo-6-590x390.jpg\"><img loading=\"lazy\" decoding=\"async\" width=\"590\" height=\"390\" src=\"https:\/\/campingorleans.com\/app\/uploads\/2021\/04\/photo-6-590x390.jpg\" alt=\"\" data-id=\"98\" data-full-url=\"https:\/\/campingorleans.com\/app\/uploads\/2021\/04\/photo-6.jpg\" data-link=\"https:\/\/campingorleans.com\/accueil\/photo-6\/\" class=\"wp-image-98\"\/><\/a><\/figure><\/li><\/ul><\/figure>\n\n\n\n<div style=\"height:80px\" aria-hidden=\"true\" class=\"wp-block-spacer\"><\/div>\n\n\n\n<div class=\"wp-block-group alignfull has-white-color has-secondary-background-color has-text-color has-background\" style=\"padding-top:50px;padding-bottom:50px\"><div class=\"wp-block-group__inner-container is-layout-flow wp-block-group-is-layout-flow\">\n<h2 class=\"wp-block-heading has-text-align-center\">Book now.<\/h2>\n\n\n\n<div style=\"height:30px\" aria-hidden=\"true\" class=\"wp-block-spacer\"><\/div>\n\n\n\n<div class=\"wp-block-buttons is-horizontal is-content-justification-center is-layout-flex wp-container-core-buttons-is-layout-499968f5 wp-block-buttons-is-layout-flex\">\n<div class=\"wp-block-button\"><a class=\"wp-block-button__link has-primary-color has-white-background-color has-text-color has-background wp-element-button\" href=\"https:\/\/secure.reservationcamping.ca\/cgi-bin\/reservation.cgi?camping_id=7f368c389020ea0019c33c0ef0&amp;ar=1\" target=\"_blank\" rel=\"noreferrer noopener\">Book<\/a><\/div>\n<\/div>\n<\/div><\/div>\n","protected":false},"excerpt":{"rendered":"<p>Reservation All reservations are made online.Place yours now. Camping map See our camping map. Virtual visit Discover our camping before real visit! The only 5-star campground in the Quebec City region Discover all the possible services on the campground. Be foresight We have gathered all the useful information here. The campground in pictures<\/p>\n","protected":false},"author":1,"featured_media":0,"parent":0,"menu_order":0,"comment_status":"closed","ping_status":"closed","template":"","meta":{"_acf_changed":false,"footnotes":""},"class_list":["post-567","page","type-page","status-publish","hentry"],"acf":[],"yoast_head":"<!-- This site is optimized with the Yoast SEO plugin v22.6 - https:\/\/yoast.com\/wordpress\/plugins\/seo\/ -->\n<title>Camping Orl\u00e9ans | \u00cele d&#039;Orl\u00e9ans | Qu\u00e9bec<\/title>\n<meta name=\"description\" content=\"Seul camping classifi\u00e9 cinq \u00e9toiles dans la r\u00e9gion de Qu\u00e9bec, le Camping Orl\u00e9ans offre un accueil et un service haut de gamme.\" \/>\n<meta name=\"robots\" content=\"index, follow, max-snippet:-1, max-image-preview:large, max-video-preview:-1\" \/>\n<link rel=\"canonical\" href=\"https:\/\/campingorleans.com\/en\/\" \/>\n<meta property=\"og:locale\" content=\"en_US\" \/>\n<meta property=\"og:type\" content=\"article\" \/>\n<meta property=\"og:title\" content=\"Camping Orl\u00e9ans | \u00cele d&#039;Orl\u00e9ans | Qu\u00e9bec\" \/>\n<meta property=\"og:description\" content=\"Seul camping classifi\u00e9 cinq \u00e9toiles dans la r\u00e9gion de Qu\u00e9bec, le Camping Orl\u00e9ans offre un accueil et un service haut de gamme.\" \/>\n<meta property=\"og:url\" content=\"https:\/\/campingorleans.com\/en\/\" \/>\n<meta property=\"og:site_name\" content=\"Camping Orl\u00e9ans\" \/>\n<meta property=\"article:publisher\" content=\"https:\/\/www.facebook.com\/campingorleans\" \/>\n<meta property=\"article:modified_time\" content=\"2025-12-24T03:41:32+00:00\" \/>\n<meta property=\"og:image\" content=\"https:\/\/campingorleans.com\/app\/uploads\/\/2021\/04\/icon-reservation.svg\" \/>\n<meta name=\"twitter:card\" content=\"summary_large_image\" \/>\n<meta name=\"twitter:label1\" content=\"Est. reading time\" \/>\n\t<meta name=\"twitter:data1\" content=\"4 minutes\" \/>\n<script type=\"application\/ld+json\" class=\"yoast-schema-graph\">{\"@context\":\"https:\/\/schema.org\",\"@graph\":[{\"@type\":\"WebPage\",\"@id\":\"https:\/\/campingorleans.com\/en\/\",\"url\":\"https:\/\/campingorleans.com\/en\/\",\"name\":\"Camping Orl\u00e9ans | \u00cele d'Orl\u00e9ans | Qu\u00e9bec\",\"isPartOf\":{\"@id\":\"https:\/\/campingorleans.com\/en\/#website\"},\"primaryImageOfPage\":{\"@id\":\"https:\/\/campingorleans.com\/en\/#primaryimage\"},\"image\":{\"@id\":\"https:\/\/campingorleans.com\/en\/#primaryimage\"},\"thumbnailUrl\":\"https:\/\/campingorleans.com\/app\/uploads\/\/2021\/04\/icon-reservation.svg\",\"datePublished\":\"2021-04-08T13:19:13+00:00\",\"dateModified\":\"2025-12-24T03:41:32+00:00\",\"description\":\"Seul camping classifi\u00e9 cinq \u00e9toiles dans la r\u00e9gion de Qu\u00e9bec, le Camping Orl\u00e9ans offre un accueil et un service haut de gamme.\",\"breadcrumb\":{\"@id\":\"https:\/\/campingorleans.com\/en\/#breadcrumb\"},\"inLanguage\":\"en-US\",\"potentialAction\":[{\"@type\":\"ReadAction\",\"target\":[\"https:\/\/campingorleans.com\/en\/\"]}]},{\"@type\":\"ImageObject\",\"inLanguage\":\"en-US\",\"@id\":\"https:\/\/campingorleans.com\/en\/#primaryimage\",\"url\":\"https:\/\/campingorleans.com\/app\/uploads\/\/2021\/04\/icon-reservation.svg\",\"contentUrl\":\"https:\/\/campingorleans.com\/app\/uploads\/\/2021\/04\/icon-reservation.svg\"},{\"@type\":\"BreadcrumbList\",\"@id\":\"https:\/\/campingorleans.com\/en\/#breadcrumb\",\"itemListElement\":[{\"@type\":\"ListItem\",\"position\":1,\"name\":\"Accueil\",\"item\":\"https:\/\/campingorleans.com\/en\/\"},{\"@type\":\"ListItem\",\"position\":2,\"name\":\"Home\"}]},{\"@type\":\"WebSite\",\"@id\":\"https:\/\/campingorleans.com\/en\/#website\",\"url\":\"https:\/\/campingorleans.com\/en\/\",\"name\":\"Camping Orl\u00e9ans\",\"description\":\"\u00cele d&#039;Orl\u00e9ans | Qu\u00e9bec\",\"publisher\":{\"@id\":\"https:\/\/campingorleans.com\/en\/#organization\"},\"potentialAction\":[{\"@type\":\"SearchAction\",\"target\":{\"@type\":\"EntryPoint\",\"urlTemplate\":\"https:\/\/campingorleans.com\/en\/?s={search_term_string}\"},\"query-input\":\"required name=search_term_string\"}],\"inLanguage\":\"en-US\"},{\"@type\":\"Organization\",\"@id\":\"https:\/\/campingorleans.com\/en\/#organization\",\"name\":\"Camping Orl\u00e9ans\",\"url\":\"https:\/\/campingorleans.com\/en\/\",\"logo\":{\"@type\":\"ImageObject\",\"inLanguage\":\"en-US\",\"@id\":\"https:\/\/campingorleans.com\/en\/#\/schema\/logo\/image\/\",\"url\":\"https:\/\/campingorleans.com\/app\/uploads\/2021\/04\/icon-camping-orleans.svg\",\"contentUrl\":\"https:\/\/campingorleans.com\/app\/uploads\/2021\/04\/icon-camping-orleans.svg\",\"width\":67,\"height\":67,\"caption\":\"Camping Orl\u00e9ans\"},\"image\":{\"@id\":\"https:\/\/campingorleans.com\/en\/#\/schema\/logo\/image\/\"},\"sameAs\":[\"https:\/\/www.facebook.com\/campingorleans\",\"https:\/\/www.instagram.com\/campingorleans\/\"]}]}<\/script>\n<!-- \/ Yoast SEO plugin. -->","yoast_head_json":{"title":"Camping Orl\u00e9ans | \u00cele d'Orl\u00e9ans | Qu\u00e9bec","description":"Seul camping classifi\u00e9 cinq \u00e9toiles dans la r\u00e9gion de Qu\u00e9bec, le Camping Orl\u00e9ans offre un accueil et un service haut de gamme.","robots":{"index":"index","follow":"follow","max-snippet":"max-snippet:-1","max-image-preview":"max-image-preview:large","max-video-preview":"max-video-preview:-1"},"canonical":"https:\/\/campingorleans.com\/en\/","og_locale":"en_US","og_type":"article","og_title":"Camping Orl\u00e9ans | \u00cele d'Orl\u00e9ans | Qu\u00e9bec","og_description":"Seul camping classifi\u00e9 cinq \u00e9toiles dans la r\u00e9gion de Qu\u00e9bec, le Camping Orl\u00e9ans offre un accueil et un service haut de gamme.","og_url":"https:\/\/campingorleans.com\/en\/","og_site_name":"Camping Orl\u00e9ans","article_publisher":"https:\/\/www.facebook.com\/campingorleans","article_modified_time":"2025-12-24T03:41:32+00:00","og_image":[{"url":"https:\/\/campingorleans.com\/app\/uploads\/\/2021\/04\/icon-reservation.svg"}],"twitter_card":"summary_large_image","twitter_misc":{"Est. reading time":"4 minutes"},"schema":{"@context":"https:\/\/schema.org","@graph":[{"@type":"WebPage","@id":"https:\/\/campingorleans.com\/en\/","url":"https:\/\/campingorleans.com\/en\/","name":"Camping Orl\u00e9ans | \u00cele d'Orl\u00e9ans | Qu\u00e9bec","isPartOf":{"@id":"https:\/\/campingorleans.com\/en\/#website"},"primaryImageOfPage":{"@id":"https:\/\/campingorleans.com\/en\/#primaryimage"},"image":{"@id":"https:\/\/campingorleans.com\/en\/#primaryimage"},"thumbnailUrl":"https:\/\/campingorleans.com\/app\/uploads\/\/2021\/04\/icon-reservation.svg","datePublished":"2021-04-08T13:19:13+00:00","dateModified":"2025-12-24T03:41:32+00:00","description":"Seul camping classifi\u00e9 cinq \u00e9toiles dans la r\u00e9gion de Qu\u00e9bec, le Camping Orl\u00e9ans offre un accueil et un service haut de gamme.","breadcrumb":{"@id":"https:\/\/campingorleans.com\/en\/#breadcrumb"},"inLanguage":"en-US","potentialAction":[{"@type":"ReadAction","target":["https:\/\/campingorleans.com\/en\/"]}]},{"@type":"ImageObject","inLanguage":"en-US","@id":"https:\/\/campingorleans.com\/en\/#primaryimage","url":"https:\/\/campingorleans.com\/app\/uploads\/\/2021\/04\/icon-reservation.svg","contentUrl":"https:\/\/campingorleans.com\/app\/uploads\/\/2021\/04\/icon-reservation.svg"},{"@type":"BreadcrumbList","@id":"https:\/\/campingorleans.com\/en\/#breadcrumb","itemListElement":[{"@type":"ListItem","position":1,"name":"Accueil","item":"https:\/\/campingorleans.com\/en\/"},{"@type":"ListItem","position":2,"name":"Home"}]},{"@type":"WebSite","@id":"https:\/\/campingorleans.com\/en\/#website","url":"https:\/\/campingorleans.com\/en\/","name":"Camping Orl\u00e9ans","description":"\u00cele d&#039;Orl\u00e9ans | Qu\u00e9bec","publisher":{"@id":"https:\/\/campingorleans.com\/en\/#organization"},"potentialAction":[{"@type":"SearchAction","target":{"@type":"EntryPoint","urlTemplate":"https:\/\/campingorleans.com\/en\/?s={search_term_string}"},"query-input":"required name=search_term_string"}],"inLanguage":"en-US"},{"@type":"Organization","@id":"https:\/\/campingorleans.com\/en\/#organization","name":"Camping Orl\u00e9ans","url":"https:\/\/campingorleans.com\/en\/","logo":{"@type":"ImageObject","inLanguage":"en-US","@id":"https:\/\/campingorleans.com\/en\/#\/schema\/logo\/image\/","url":"https:\/\/campingorleans.com\/app\/uploads\/2021\/04\/icon-camping-orleans.svg","contentUrl":"https:\/\/campingorleans.com\/app\/uploads\/2021\/04\/icon-camping-orleans.svg","width":67,"height":67,"caption":"Camping Orl\u00e9ans"},"image":{"@id":"https:\/\/campingorleans.com\/en\/#\/schema\/logo\/image\/"},"sameAs":["https:\/\/www.facebook.com\/campingorleans","https:\/\/www.instagram.com\/campingorleans\/"]}]}},"_links":{"self":[{"href":"https:\/\/campingorleans.com\/en\/wp-json\/wp\/v2\/pages\/567","targetHints":{"allow":["GET"]}}],"collection":[{"href":"https:\/\/campingorleans.com\/en\/wp-json\/wp\/v2\/pages"}],"about":[{"href":"https:\/\/campingorleans.com\/en\/wp-json\/wp\/v2\/types\/page"}],"author":[{"embeddable":true,"href":"https:\/\/campingorleans.com\/en\/wp-json\/wp\/v2\/users\/1"}],"replies":[{"embeddable":true,"href":"https:\/\/campingorleans.com\/en\/wp-json\/wp\/v2\/comments?post=567"}],"version-history":[{"count":23,"href":"https:\/\/campingorleans.com\/en\/wp-json\/wp\/v2\/pages\/567\/revisions"}],"predecessor-version":[{"id":1120,"href":"https:\/\/campingorleans.com\/en\/wp-json\/wp\/v2\/pages\/567\/revisions\/1120"}],"wp:attachment":[{"href":"https:\/\/campingorleans.com\/en\/wp-json\/wp\/v2\/media?parent=567"}],"curies":[{"name":"wp","href":"https:\/\/api.w.org\/{rel}","templated":true}]}}