{"id":551,"date":"2021-04-12T13:23:41","date_gmt":"2021-04-12T13:23:41","guid":{"rendered":"https:\/\/campingorleans.com\/visite-virtuelle\/"},"modified":"2021-05-19T12:27:21","modified_gmt":"2021-05-19T12:27:21","slug":"virtual-visit","status":"publish","type":"page","link":"https:\/\/campingorleans.com\/en\/virtual-visit\/","title":{"rendered":"Virtual visit"},"content":{"rendered":"\n<div class=\"wp-block-cover alignfull has-background-dim-20 has-black-background-color has-background-dim hero\"><img loading=\"lazy\" decoding=\"async\" width=\"2560\" height=\"1634\" class=\"wp-block-cover__image-background wp-image-732\" alt=\"\" src=\"https:\/\/campingorleans.com\/app\/uploads\/2021\/05\/visite-virtuelle-2-scaled.jpg\" style=\"object-position:45% 0%\" data-object-fit=\"cover\" data-object-position=\"45% 0%\" srcset=\"https:\/\/campingorleans.com\/app\/uploads\/2021\/05\/visite-virtuelle-2-scaled.jpg 2560w, https:\/\/campingorleans.com\/app\/uploads\/2021\/05\/visite-virtuelle-2-scaled-600x383.jpg 600w, https:\/\/campingorleans.com\/app\/uploads\/2021\/05\/visite-virtuelle-2-800x511.jpg 800w, https:\/\/campingorleans.com\/app\/uploads\/2021\/05\/visite-virtuelle-2-1024x654.jpg 1024w, https:\/\/campingorleans.com\/app\/uploads\/2021\/05\/visite-virtuelle-2-768x490.jpg 768w, https:\/\/campingorleans.com\/app\/uploads\/2021\/05\/visite-virtuelle-2-1536x980.jpg 1536w, https:\/\/campingorleans.com\/app\/uploads\/2021\/05\/visite-virtuelle-2-2048x1307.jpg 2048w\" sizes=\"auto, (max-width: 2560px) 100vw, 2560px\" \/><div class=\"wp-block-cover__inner-container is-layout-flow wp-block-cover-is-layout-flow\">\n<h1 class=\"has-text-align-center wp-block-heading\">Virtual visit<\/h1>\n<\/div><\/div>\n\n\n\n<div class=\"wp-block-group\"><div class=\"wp-block-group__inner-container is-layout-flow wp-block-group-is-layout-flow\">\n<div class=\"iframe-responsive\"><iframe loading=\"lazy\" style=\"margin:0 auto; display:block;\" width=\"100%\" height=\"100%\" frameborder=\"0\" scrolling=\"no\" marginheight=\"0\" marginwidth=\"0\" src=\"https:\/\/maps.google.com\/maps?cbll=46.998908,-70.813697&amp;layer=c&amp;panoid=Y6Wp0UXZs20AAAQYP7k-BQ&amp;cbp=13,118.11,,0,4.37&amp;cid=7678834631582568627&amp;q=Camping+Ile+d'Orl%C3%A9ans&amp;ie=UTF8&amp;hq=&amp;hnear=&amp;t=m&amp;ll=46.928814,-70.772552&amp;spn=0.14724,0.385895&amp;z=11&amp;source=embed&amp;output=svembed\" name=\"visite\" id=\"visite-frame\"><\/iframe><\/div>\n<\/div><\/div>\n\n\n\n<div class=\"wp-block-group alignfull section-overlap is-style-border has-blue-100-background-color has-background\"><div class=\"wp-block-group__inner-container is-layout-flow wp-block-group-is-layout-flow\">\n<div class=\"wp-block-group alignwide is-style-w-sm\"><div class=\"wp-block-group__inner-container is-layout-flow wp-block-group-is-layout-flow\">\n<h2 class=\"has-30-font-size wp-block-heading\">Choose the place you want to visit<\/h2>\n\n\n<div data-block_608805fec2a4f class=\"virtual-visit-links alignleft mb-6 md:flex md:flex-wrap\">\r\n    <a class=\"btn btn-secondary rounded-none block md:inline-block mb-2.5 md:mr-2.5 py-2 px-3\" data-url=\"https:\/\/maps.google.ca\/maps?q=q=&#038;layer=c&#038;sll=46.999544,-70.815400&#038;cid=7678834631582568627&#038;panoid=Y6Wp0UXZs20AAAQYP7k-BQ&#038;cbp=13,117.19,,0,0.1&#038;ie=UTF8&#038;hq=&#038;hnear=&#038;t=m&#038;cbll=46.998908,-70.813697&#038;ll=46.997352,-70.814116&#038;spn=0.004595,0.012059&#038;z=16&#038;source=embed&#038;output=svembed\">Home<\/a>\r\n    <a class=\"btn btn-secondary rounded-none block md:inline-block mb-2.5 md:mr-2.5 py-2 px-3\" data-url=\"https:\/\/maps.google.ca\/maps?q=q=&#038;layer=c&#038;sll=46.999544,-70.815400&#038;cid=7678834631582568627&#038;panoid=5kcfoZhdvMkAAAQYP61F1g&#038;cbp=13,134.85,,0,8.24&#038;ie=UTF8&#038;hq=&#038;hnear=&#038;t=m&#038;cbll=46.998805,-70.813473&#038;source=embed&#038;ll=46.997162,-70.813472&#038;spn=0.005766,0.01502&#038;z=16&#038;output=svembed\">Reception<\/a>\r\n    <a class=\"btn btn-secondary rounded-none block md:inline-block mb-2.5 md:mr-2.5 py-2 px-3\" data-url=\"https:\/\/maps.google.ca\/maps?q=q=&#038;layer=c&#038;sll=46.999544,-70.815400&#038;cid=7678834631582568627&#038;panoid=NpO7VZoQ4F8AAAQYP8pyjA&#038;cbp=13,227.18,,0,12.4&#038;ie=UTF8&#038;hq=&#038;hnear=&#038;t=m&#038;cbll=46.99848,-70.813492&#038;ll=46.997352,-70.814116&#038;spn=0.004595,0.012059&#038;z=16&#038;source=embed&#038;output=svembed\">Pruniers Sector<\/a>\r\n    <a class=\"btn btn-secondary rounded-none block md:inline-block mb-2.5 md:mr-2.5 py-2 px-3\" data-url=\"https:\/\/maps.google.ca\/maps?q=q=&#038;layer=c&#038;sll=46.999544,-70.815400&#038;cid=7678834631582568627&#038;panoid=YbIuUt0iaG4AAAQYP7k99A&#038;cbp=13,95.22,,0,10.16&#038;ie=UTF8&#038;hq=&#038;hnear=&#038;t=m&#038;cbll=46.998505,-70.813003&#038;ll=46.997177,-70.81315&#038;spn=0.004595,0.012059&#038;z=16&#038;source=embed&#038;output=svembed\">Playground<\/a>\r\n    <a class=\"btn btn-secondary rounded-none block md:inline-block mb-2.5 md:mr-2.5 py-2 px-3\" data-url=\"https:\/\/maps.google.ca\/maps?q=q=&#038;layer=c&#038;sll=46.999544,-70.815400&#038;cid=7678834631582568627&#038;panoid=Ese9W-7EI_YAAAQYP7k98g&#038;cbp=13,152.07,,0,11.12&#038;ie=UTF8&#038;hq=&#038;hnear=&#038;t=m&#038;cbll=46.998304,-70.812248&#038;ll=46.99706,-70.812335&#038;spn=0.004595,0.012059&#038;z=16&#038;source=embed&#038;output=svembed\">Haies Sector<\/a>\r\n    <a class=\"btn btn-secondary rounded-none block md:inline-block mb-2.5 md:mr-2.5 py-2 px-3\" data-url=\"https:\/\/maps.google.com\/maps?q=q=&#038;layer=c&#038;sll=46.999544,-70.815400&#038;cid=7678834631582568627&#038;panoid=uOyGLqKEf1YAAAQYP-8OKA&#038;cbp=13,89.46,,0,12.4&#038;ie=UTF8&#038;hq=&#038;hnear=&#038;t=m&#038;cbll=46.998562,-70.812224&#038;ll=46.997191,-70.812356&#038;spn=0.004595,0.012059&#038;z=16&#038;source=embed&#038;output=svembed\">Clairi\u00e8re Sector<\/a>\r\n    <a class=\"btn btn-secondary rounded-none block md:inline-block mb-2.5 md:mr-2.5 py-2 px-3\" data-url=\"https:\/\/maps.google.ca\/maps?q=q=&#038;layer=c&#038;sll=46.999544,-70.815400&#038;cid=7678834631582568627&#038;panoid=26JJawcB5IwAAAQYP8pyhQ&#038;cbp=13,264.01,,0,8.08&#038;ie=UTF8&#038;hq=&#038;hnear=&#038;t=m&#038;cbll=46.997831,-70.812334&#038;ll=46.99662,-70.812185&#038;spn=0.004595,0.012059&#038;z=16&#038;source=embed&#038;output=svembed\">Haut-bois\u00e9 Sector<\/a>\r\n    <a class=\"btn btn-secondary rounded-none block md:inline-block mb-2.5 md:mr-2.5 py-2 px-3\" data-url=\"https:\/\/maps.google.ca\/maps?q=q=&#038;layer=c&#038;sll=46.999544,-70.815400&#038;cid=7678834631582568627&#038;panoid=Q0rBt0FmpHgAAAQYP61F1A&#038;cbp=13,224.3,,0,4.55&#038;ie=UTF8&#038;hq=&#038;hnear=&#038;t=m&#038;cbll=46.997812,-70.812003&#038;ll=46.996401,-70.811863&#038;spn=0.004595,0.012059&#038;z=16&#038;source=embed&#038;output=svembed\">Plateau Sector<\/a>\r\n    <a class=\"btn btn-secondary rounded-none block md:inline-block mb-2.5 md:mr-2.5 py-2 px-3\" data-url=\"https:\/\/maps.google.ca\/maps?q=q=&#038;layer=c&#038;sll=46.999544,-70.815400&#038;cid=7678834631582568627&#038;panoid=_f08SVf4wGEAAAQYP8pygQ&#038;cbp=13,114.44,,0,16.56&#038;ie=UTF8&#038;hq=&#038;hnear=&#038;t=m&#038;cbll=46.997033,-70.811324&#038;ll=46.995816,-70.811412&#038;spn=0.004595,0.012059&#038;z=16&#038;source=embed&#038;output=svembed\">Fleuve 1ere rang\u00e9e Sector<\/a>\r\n    <a class=\"btn btn-secondary rounded-none block md:inline-block mb-2.5 md:mr-2.5 py-2 px-3\" data-url=\"https:\/\/maps.google.ca\/maps?q=q=&#038;layer=c&#038;sll=46.999544,-70.815400&#038;cid=7678834631582568627&#038;panoid=CKiLTFH-pm4AAAQYQCzfsA&#038;cbp=13,137.18,,0,8.08&#038;ie=UTF8&#038;hq=&#038;hnear=&#038;t=m&#038;cbll=46.997476,-70.811206&#038;ll=46.996064,-70.811369&#038;spn=0.004595,0.012059&#038;z=16&#038;source=embed&#038;output=svembed\">Fleuve 2eme rang\u00e9e Sector<\/a>\r\n    <a class=\"btn btn-secondary rounded-none block md:inline-block mb-2.5 md:mr-2.5 py-2 px-3\" data-url=\"https:\/\/maps.google.ca\/maps?q=q=&#038;layer=c&#038;sll=46.999544,-70.815400&#038;cid=7678834631582568627&#038;panoid=mRD5-2LjvpkAAAQYP7k-EA&#038;cbp=13,358.34,,0,10&#038;ie=UTF8&#038;hq=&#038;hnear=&#038;t=m&#038;cbll=46.997378,-70.811363&#038;ll=46.99602,-70.811541&#038;spn=0.004595,0.012059&#038;z=16&#038;source=embed&#038;output=svembed\">Du tournant Sector<\/a>\r\n    <a class=\"btn btn-secondary rounded-none block md:inline-block mb-2.5 md:mr-2.5 py-2 px-3\" data-url=\"https:\/\/maps.google.ca\/maps?q=q=&#038;layer=c&#038;sll=46.999544,-70.815400&#038;cid=7678834631582568627&#038;panoid=Mo-V_jaVM-oAAAQYQAI1MA&#038;cbp=13,358.98,,0,9.45&#038;ie=UTF8&#038;hq=&#038;hnear=&#038;t=m&#038;cbll=46.997678,-70.811214&#038;ll=46.996459,-70.811348&#038;spn=0.004595,0.012059&#038;z=16&#038;source=embed&#038;output=svembed\">Area Sports<\/a>\r\n    <a class=\"btn btn-secondary rounded-none block md:inline-block mb-2.5 md:mr-2.5 py-2 px-3\" data-url=\"https:\/\/maps.google.ca\/maps?q=q=&#038;layer=c&#038;sll=46.999544,-70.815400&#038;cid=7678834631582568627&#038;panoid=BI41VqKb4JoAAAQYQCzfvg&#038;cbp=13,303.89,,0,5.12&#038;ie=UTF8&#038;hq=&#038;hnear=&#038;t=m&#038;cbll=46.998157,-70.811531&#038;ll=46.996738,-70.811605&#038;spn=0.004595,0.012059&#038;z=16&#038;source=embed&#038;output=svembed\">Peupliers et bas Falaise Sector<\/a>\r\n    <a class=\"btn btn-secondary rounded-none block md:inline-block mb-2.5 md:mr-2.5 py-2 px-3\" data-url=\"https:\/\/maps.google.ca\/maps?q=q=&#038;layer=c&#038;sll=46.999544,-70.815400&#038;cid=7678834631582568627&#038;panoid=Iw6i18gphUEAAAQYP7k9_w&#038;cbp=13,293.32,,0,6.25&#038;ie=UTF8&#038;hq=&#038;hnear=&#038;t=m&#038;cbll=46.998403,-70.811133&#038;ll=46.99706,-70.811348&#038;spn=0.004595,0.012059&#038;z=16&#038;source=embed&#038;output=svembed\">Bambous Sector<\/a>\r\n    <a class=\"btn btn-secondary rounded-none block md:inline-block mb-2.5 md:mr-2.5 py-2 px-3\" data-url=\"https:\/\/maps.google.ca\/maps?q=q=&#038;layer=c&#038;sll=46.999544,-70.815400&#038;cid=7678834631582568627&#038;panoid=KSBXuXZffjEAAAQYP8pyiA&#038;cbp=13,11.31,,0,3.68&#038;ie=UTF8&#038;hq=&#038;hnear=&#038;t=m&#038;cbll=46.998052,-70.810706&#038;ll=46.996869,-70.810854&#038;spn=0.004595,0.012059&#038;z=16&#038;source=embed&#038;output=svembed\">Quai et piscine Sector<\/a>\r\n  <\/div>\r\n\n\n\n<h2 class=\"has-30-font-size wp-block-heading\">Help<\/h2>\n\n\n\n<p class=\"paragraph mb-2\">In the picture, click on the direction arrows to move.<\/p>\n\n\n\n<p class=\"paragraph mb-2\">To rotate the image, hold the left mouse button down and move the mouse.<\/p>\n\n\n\n<p class=\"paragraph\">You can also use the arrow keys to move.<\/p>\n\n\n<div data-block_60880193d5b39 class=\"virtual-visit-controls alignleft py-2 md:flex\">\r\n  <div class=\"flex items-center mr-5 py-2\">\r\n    <svg class=\"mr-2.5\" width=\"30\" height=\"30\"><g data-name=\"Group 696\"><g transform=\"rotate(180 15 15)\" fill=\"none\" stroke=\"#ad7c59\" stroke-width=\"2\"><rect width=\"30\" height=\"30\" rx=\"5\" stroke=\"none\"\/><rect x=\"1\" y=\"1\" width=\"28\" height=\"28\" rx=\"4\"\/><\/g><g data-name=\"Group 695\"><path data-name=\"Path 2660\" d=\"M11.803 12.487a.777.777 0 01-.569-.235.777.777 0 01-.234-.569.775.775 0 01.234-.569l2.879-2.879a.777.777 0 01.569-.234.775.775 0 01.569.234l2.88 2.879a.774.774 0 01.234.569.775.775 0 01-.234.569.776.776 0 01-.569.235h-1.54v10.112a.387.387 0 01-.117.285.387.387 0 01-.285.117h-1.875a.389.389 0 01-.285-.117.389.389 0 01-.117-.285V12.487z\" fill=\"#01426a\"\/><\/g><\/g><\/svg> = forward\r\n  <\/div>\r\n  <div class=\"flex items-center mr-5 py-2\">\r\n    <svg class=\"mr-2.5 transform rotate-180\" width=\"30\" height=\"30\"><g data-name=\"Group 696\"><g transform=\"rotate(180 15 15)\" fill=\"none\" stroke=\"#ad7c59\" stroke-width=\"2\"><rect width=\"30\" height=\"30\" rx=\"5\" stroke=\"none\"\/><rect x=\"1\" y=\"1\" width=\"28\" height=\"28\" rx=\"4\"\/><\/g><g data-name=\"Group 695\"><path data-name=\"Path 2660\" d=\"M11.803 12.487a.777.777 0 01-.569-.235.777.777 0 01-.234-.569.775.775 0 01.234-.569l2.879-2.879a.777.777 0 01.569-.234.775.775 0 01.569.234l2.88 2.879a.774.774 0 01.234.569.775.775 0 01-.234.569.776.776 0 01-.569.235h-1.54v10.112a.387.387 0 01-.117.285.387.387 0 01-.285.117h-1.875a.389.389 0 01-.285-.117.389.389 0 01-.117-.285V12.487z\" fill=\"#01426a\"\/><\/g><\/g><\/svg> = backward\r\n  <\/div>\r\n  <div class=\"flex items-center py-2\">\r\n    <svg class=\"mr-2 transform -rotate-90\" width=\"30\" height=\"30\"><g data-name=\"Group 696\"><g transform=\"rotate(180 15 15)\" fill=\"none\" stroke=\"#ad7c59\" stroke-width=\"2\"><rect width=\"30\" height=\"30\" rx=\"5\" stroke=\"none\"\/><rect x=\"1\" y=\"1\" width=\"28\" height=\"28\" rx=\"4\"\/><\/g><g data-name=\"Group 695\"><path data-name=\"Path 2660\" d=\"M11.803 12.487a.777.777 0 01-.569-.235.777.777 0 01-.234-.569.775.775 0 01.234-.569l2.879-2.879a.777.777 0 01.569-.234.775.775 0 01.569.234l2.88 2.879a.774.774 0 01.234.569.775.775 0 01-.234.569.776.776 0 01-.569.235h-1.54v10.112a.387.387 0 01-.117.285.387.387 0 01-.285.117h-1.875a.389.389 0 01-.285-.117.389.389 0 01-.117-.285V12.487z\" fill=\"#01426a\"\/><\/g><\/g><\/svg>\r\n    <svg class=\"mr-3 transform rotate-90\" width=\"30\" height=\"30\"><g data-name=\"Group 696\"><g transform=\"rotate(180 15 15)\" fill=\"none\" stroke=\"#ad7c59\" stroke-width=\"2\"><rect width=\"30\" height=\"30\" rx=\"5\" stroke=\"none\"\/><rect x=\"1\" y=\"1\" width=\"28\" height=\"28\" rx=\"4\"\/><\/g><g data-name=\"Group 695\"><path data-name=\"Path 2660\" d=\"M11.803 12.487a.777.777 0 01-.569-.235.777.777 0 01-.234-.569.775.775 0 01.234-.569l2.879-2.879a.777.777 0 01.569-.234.775.775 0 01.569.234l2.88 2.879a.774.774 0 01.234.569.775.775 0 01-.234.569.776.776 0 01-.569.235h-1.54v10.112a.387.387 0 01-.117.285.387.387 0 01-.285.117h-1.875a.389.389 0 01-.285-.117.389.389 0 01-.117-.285V12.487z\" fill=\"#01426a\"\/><\/g><\/g><\/svg> = rotate\r\n  <\/div>\r\n<\/div><\/div><\/div>\n\n\n\n<div style=\"height:100px\" aria-hidden=\"true\" class=\"wp-block-spacer\"><\/div>\n<\/div><\/div>\n\n\n\n<div class=\"wp-block-group alignfull is-style-border has-white-color has-blue-background-color has-text-color has-background\"><div class=\"wp-block-group__inner-container is-layout-flow wp-block-group-is-layout-flow\">\n<div style=\"height:100px\" aria-hidden=\"true\" class=\"wp-block-spacer\"><\/div>\n\n\n\n<h2 class=\"has-text-align-center wp-block-heading\">Watch our video<\/h2>\n\n\n\n<div style=\"height:20px\" aria-hidden=\"true\" class=\"wp-block-spacer\"><\/div>\n\n\n\n<div class=\"iframe-responsive-mobile\"><iframe loading=\"lazy\" frameborder=\"0\" scrolling=\"no\" marginheight=\"0\" marginwidth=\"0\" src=\"https:\/\/www.facebook.com\/plugins\/video.php?href=https%3A%2F%2Fwww.facebook.com%2Fcampingorleans%2Fvideos%2F1962464787358025%2F&amp;show_text=0&amp;width=614\" width=\"560\" height=\"315 allowtransparency=\" true\"=\"\" allowfullscreen=\"true\"><\/iframe><\/div>\n\n\n\n<div style=\"height:100px\" aria-hidden=\"true\" class=\"wp-block-spacer\"><\/div>\n<\/div><\/div>\n\n\n\n<div style=\"height:150px\" aria-hidden=\"true\" class=\"wp-block-spacer\"><\/div>\n\n\n\n<div class=\"wp-block-group alignfull has-white-color has-secondary-background-color has-text-color has-background\" style=\"padding-top:50px;padding-bottom:50px\"><div class=\"wp-block-group__inner-container is-layout-flow wp-block-group-is-layout-flow\">\n<h2 class=\"wp-block-heading has-text-align-center\">Book now.<\/h2>\n\n\n\n<div style=\"height:30px\" aria-hidden=\"true\" class=\"wp-block-spacer\"><\/div>\n\n\n\n<div class=\"wp-block-buttons is-horizontal is-content-justification-center is-layout-flex wp-container-core-buttons-is-layout-499968f5 wp-block-buttons-is-layout-flex\">\n<div class=\"wp-block-button\"><a class=\"wp-block-button__link has-primary-color has-white-background-color has-text-color has-background wp-element-button\" href=\"https:\/\/secure.reservationcamping.ca\/cgi-bin\/reservation.cgi?camping_id=7f368c389020ea0019c33c0ef0&amp;ar=1\" target=\"_blank\" rel=\"noreferrer noopener\">Book<\/a><\/div>\n<\/div>\n<\/div><\/div>\n","protected":false},"excerpt":{"rendered":"<p>Choose the place you want to visit Help In the picture, click on the direction arrows to move. To rotate the image, hold the left mouse button down and move the mouse. You can also use the arrow keys to move. Watch our video<\/p>\n","protected":false},"author":1,"featured_media":0,"parent":0,"menu_order":0,"comment_status":"closed","ping_status":"closed","template":"","meta":{"_acf_changed":false,"footnotes":""},"class_list":["post-551","page","type-page","status-publish","hentry"],"acf":[],"yoast_head":"<!-- This site is optimized with the Yoast SEO plugin v22.6 - https:\/\/yoast.com\/wordpress\/plugins\/seo\/ -->\n<title>Virtual visit - Camping Orl\u00e9ans<\/title>\n<meta name=\"robots\" content=\"index, follow, max-snippet:-1, max-image-preview:large, max-video-preview:-1\" \/>\n<link rel=\"canonical\" href=\"https:\/\/campingorleans.com\/en\/virtual-visit\/\" \/>\n<meta property=\"og:locale\" content=\"en_US\" \/>\n<meta property=\"og:type\" content=\"article\" \/>\n<meta property=\"og:title\" content=\"Virtual visit - Camping Orl\u00e9ans\" \/>\n<meta property=\"og:description\" content=\"Choose the place you want to visit Help In the picture, click on the direction arrows to move. To rotate the image, hold the left mouse button down and move the mouse. You can also use the arrow keys to move. Watch our video\" \/>\n<meta property=\"og:url\" content=\"https:\/\/campingorleans.com\/en\/virtual-visit\/\" \/>\n<meta property=\"og:site_name\" content=\"Camping Orl\u00e9ans\" \/>\n<meta property=\"article:publisher\" content=\"https:\/\/www.facebook.com\/campingorleans\" \/>\n<meta property=\"article:modified_time\" content=\"2021-05-19T12:27:21+00:00\" \/>\n<meta property=\"og:image\" content=\"https:\/\/campingorleans.com\/app\/uploads\/2021\/05\/visite-virtuelle-2-scaled.jpg\" \/>\n<meta name=\"twitter:card\" content=\"summary_large_image\" \/>\n<meta name=\"twitter:label1\" content=\"Est. reading time\" \/>\n\t<meta name=\"twitter:data1\" content=\"1 minute\" \/>\n<script type=\"application\/ld+json\" class=\"yoast-schema-graph\">{\"@context\":\"https:\/\/schema.org\",\"@graph\":[{\"@type\":\"WebPage\",\"@id\":\"https:\/\/campingorleans.com\/en\/virtual-visit\/\",\"url\":\"https:\/\/campingorleans.com\/en\/virtual-visit\/\",\"name\":\"Virtual visit - Camping Orl\u00e9ans\",\"isPartOf\":{\"@id\":\"https:\/\/campingorleans.com\/en\/#website\"},\"primaryImageOfPage\":{\"@id\":\"https:\/\/campingorleans.com\/en\/virtual-visit\/#primaryimage\"},\"image\":{\"@id\":\"https:\/\/campingorleans.com\/en\/virtual-visit\/#primaryimage\"},\"thumbnailUrl\":\"https:\/\/campingorleans.com\/app\/uploads\/2021\/05\/visite-virtuelle-2-scaled.jpg\",\"datePublished\":\"2021-04-12T13:23:41+00:00\",\"dateModified\":\"2021-05-19T12:27:21+00:00\",\"breadcrumb\":{\"@id\":\"https:\/\/campingorleans.com\/en\/virtual-visit\/#breadcrumb\"},\"inLanguage\":\"en-US\",\"potentialAction\":[{\"@type\":\"ReadAction\",\"target\":[\"https:\/\/campingorleans.com\/en\/virtual-visit\/\"]}]},{\"@type\":\"ImageObject\",\"inLanguage\":\"en-US\",\"@id\":\"https:\/\/campingorleans.com\/en\/virtual-visit\/#primaryimage\",\"url\":\"https:\/\/campingorleans.com\/app\/uploads\/2021\/05\/visite-virtuelle-2-scaled.jpg\",\"contentUrl\":\"https:\/\/campingorleans.com\/app\/uploads\/2021\/05\/visite-virtuelle-2-scaled.jpg\"},{\"@type\":\"BreadcrumbList\",\"@id\":\"https:\/\/campingorleans.com\/en\/virtual-visit\/#breadcrumb\",\"itemListElement\":[{\"@type\":\"ListItem\",\"position\":1,\"name\":\"Accueil\",\"item\":\"https:\/\/campingorleans.com\/en\/\"},{\"@type\":\"ListItem\",\"position\":2,\"name\":\"Virtual visit\"}]},{\"@type\":\"WebSite\",\"@id\":\"https:\/\/campingorleans.com\/en\/#website\",\"url\":\"https:\/\/campingorleans.com\/en\/\",\"name\":\"Camping Orl\u00e9ans\",\"description\":\"\u00cele d&#039;Orl\u00e9ans | Qu\u00e9bec\",\"publisher\":{\"@id\":\"https:\/\/campingorleans.com\/en\/#organization\"},\"potentialAction\":[{\"@type\":\"SearchAction\",\"target\":{\"@type\":\"EntryPoint\",\"urlTemplate\":\"https:\/\/campingorleans.com\/en\/?s={search_term_string}\"},\"query-input\":\"required name=search_term_string\"}],\"inLanguage\":\"en-US\"},{\"@type\":\"Organization\",\"@id\":\"https:\/\/campingorleans.com\/en\/#organization\",\"name\":\"Camping Orl\u00e9ans\",\"url\":\"https:\/\/campingorleans.com\/en\/\",\"logo\":{\"@type\":\"ImageObject\",\"inLanguage\":\"en-US\",\"@id\":\"https:\/\/campingorleans.com\/en\/#\/schema\/logo\/image\/\",\"url\":\"https:\/\/campingorleans.com\/app\/uploads\/2021\/04\/icon-camping-orleans.svg\",\"contentUrl\":\"https:\/\/campingorleans.com\/app\/uploads\/2021\/04\/icon-camping-orleans.svg\",\"width\":67,\"height\":67,\"caption\":\"Camping Orl\u00e9ans\"},\"image\":{\"@id\":\"https:\/\/campingorleans.com\/en\/#\/schema\/logo\/image\/\"},\"sameAs\":[\"https:\/\/www.facebook.com\/campingorleans\",\"https:\/\/www.instagram.com\/campingorleans\/\"]}]}<\/script>\n<!-- \/ Yoast SEO plugin. -->","yoast_head_json":{"title":"Virtual visit - Camping Orl\u00e9ans","robots":{"index":"index","follow":"follow","max-snippet":"max-snippet:-1","max-image-preview":"max-image-preview:large","max-video-preview":"max-video-preview:-1"},"canonical":"https:\/\/campingorleans.com\/en\/virtual-visit\/","og_locale":"en_US","og_type":"article","og_title":"Virtual visit - Camping Orl\u00e9ans","og_description":"Choose the place you want to visit Help In the picture, click on the direction arrows to move. To rotate the image, hold the left mouse button down and move the mouse. You can also use the arrow keys to move. Watch our video","og_url":"https:\/\/campingorleans.com\/en\/virtual-visit\/","og_site_name":"Camping Orl\u00e9ans","article_publisher":"https:\/\/www.facebook.com\/campingorleans","article_modified_time":"2021-05-19T12:27:21+00:00","og_image":[{"url":"https:\/\/campingorleans.com\/app\/uploads\/2021\/05\/visite-virtuelle-2-scaled.jpg"}],"twitter_card":"summary_large_image","twitter_misc":{"Est. reading time":"1 minute"},"schema":{"@context":"https:\/\/schema.org","@graph":[{"@type":"WebPage","@id":"https:\/\/campingorleans.com\/en\/virtual-visit\/","url":"https:\/\/campingorleans.com\/en\/virtual-visit\/","name":"Virtual visit - Camping Orl\u00e9ans","isPartOf":{"@id":"https:\/\/campingorleans.com\/en\/#website"},"primaryImageOfPage":{"@id":"https:\/\/campingorleans.com\/en\/virtual-visit\/#primaryimage"},"image":{"@id":"https:\/\/campingorleans.com\/en\/virtual-visit\/#primaryimage"},"thumbnailUrl":"https:\/\/campingorleans.com\/app\/uploads\/2021\/05\/visite-virtuelle-2-scaled.jpg","datePublished":"2021-04-12T13:23:41+00:00","dateModified":"2021-05-19T12:27:21+00:00","breadcrumb":{"@id":"https:\/\/campingorleans.com\/en\/virtual-visit\/#breadcrumb"},"inLanguage":"en-US","potentialAction":[{"@type":"ReadAction","target":["https:\/\/campingorleans.com\/en\/virtual-visit\/"]}]},{"@type":"ImageObject","inLanguage":"en-US","@id":"https:\/\/campingorleans.com\/en\/virtual-visit\/#primaryimage","url":"https:\/\/campingorleans.com\/app\/uploads\/2021\/05\/visite-virtuelle-2-scaled.jpg","contentUrl":"https:\/\/campingorleans.com\/app\/uploads\/2021\/05\/visite-virtuelle-2-scaled.jpg"},{"@type":"BreadcrumbList","@id":"https:\/\/campingorleans.com\/en\/virtual-visit\/#breadcrumb","itemListElement":[{"@type":"ListItem","position":1,"name":"Accueil","item":"https:\/\/campingorleans.com\/en\/"},{"@type":"ListItem","position":2,"name":"Virtual visit"}]},{"@type":"WebSite","@id":"https:\/\/campingorleans.com\/en\/#website","url":"https:\/\/campingorleans.com\/en\/","name":"Camping Orl\u00e9ans","description":"\u00cele d&#039;Orl\u00e9ans | Qu\u00e9bec","publisher":{"@id":"https:\/\/campingorleans.com\/en\/#organization"},"potentialAction":[{"@type":"SearchAction","target":{"@type":"EntryPoint","urlTemplate":"https:\/\/campingorleans.com\/en\/?s={search_term_string}"},"query-input":"required name=search_term_string"}],"inLanguage":"en-US"},{"@type":"Organization","@id":"https:\/\/campingorleans.com\/en\/#organization","name":"Camping Orl\u00e9ans","url":"https:\/\/campingorleans.com\/en\/","logo":{"@type":"ImageObject","inLanguage":"en-US","@id":"https:\/\/campingorleans.com\/en\/#\/schema\/logo\/image\/","url":"https:\/\/campingorleans.com\/app\/uploads\/2021\/04\/icon-camping-orleans.svg","contentUrl":"https:\/\/campingorleans.com\/app\/uploads\/2021\/04\/icon-camping-orleans.svg","width":67,"height":67,"caption":"Camping Orl\u00e9ans"},"image":{"@id":"https:\/\/campingorleans.com\/en\/#\/schema\/logo\/image\/"},"sameAs":["https:\/\/www.facebook.com\/campingorleans","https:\/\/www.instagram.com\/campingorleans\/"]}]}},"_links":{"self":[{"href":"https:\/\/campingorleans.com\/en\/wp-json\/wp\/v2\/pages\/551","targetHints":{"allow":["GET"]}}],"collection":[{"href":"https:\/\/campingorleans.com\/en\/wp-json\/wp\/v2\/pages"}],"about":[{"href":"https:\/\/campingorleans.com\/en\/wp-json\/wp\/v2\/types\/page"}],"author":[{"embeddable":true,"href":"https:\/\/campingorleans.com\/en\/wp-json\/wp\/v2\/users\/1"}],"replies":[{"embeddable":true,"href":"https:\/\/campingorleans.com\/en\/wp-json\/wp\/v2\/comments?post=551"}],"version-history":[{"count":10,"href":"https:\/\/campingorleans.com\/en\/wp-json\/wp\/v2\/pages\/551\/revisions"}],"predecessor-version":[{"id":734,"href":"https:\/\/campingorleans.com\/en\/wp-json\/wp\/v2\/pages\/551\/revisions\/734"}],"wp:attachment":[{"href":"https:\/\/campingorleans.com\/en\/wp-json\/wp\/v2\/media?parent=551"}],"curies":[{"name":"wp","href":"https:\/\/api.w.org\/{rel}","templated":true}]}}