{"id":549,"date":"2021-04-12T13:21:59","date_gmt":"2021-04-12T13:21:59","guid":{"rendered":"https:\/\/campingorleans.com\/tarifs\/"},"modified":"2025-03-10T21:16:05","modified_gmt":"2025-03-10T21:16:05","slug":"rates","status":"publish","type":"page","link":"https:\/\/campingorleans.com\/en\/rates\/","title":{"rendered":"Rates"},"content":{"rendered":"\n<div class=\"wp-block-cover alignfull has-background-dim-20 has-black-background-color has-background-dim hero\"><img loading=\"lazy\" decoding=\"async\" width=\"1280\" height=\"720\" class=\"wp-block-cover__image-background wp-image-398\" alt=\"\" src=\"https:\/\/campingorleans.com\/app\/uploads\/2021\/04\/camping-orleans-tarifs.jpg\" style=\"object-position:45% 0%\" data-object-fit=\"cover\" data-object-position=\"45% 0%\" srcset=\"https:\/\/campingorleans.com\/app\/uploads\/2021\/04\/camping-orleans-tarifs.jpg 1280w, https:\/\/campingorleans.com\/app\/uploads\/2021\/04\/camping-orleans-tarifs-600x338.jpg 600w, https:\/\/campingorleans.com\/app\/uploads\/2021\/04\/camping-orleans-tarifs-800x450.jpg 800w, https:\/\/campingorleans.com\/app\/uploads\/2021\/04\/camping-orleans-tarifs-1024x576.jpg 1024w, https:\/\/campingorleans.com\/app\/uploads\/2021\/04\/camping-orleans-tarifs-768x432.jpg 768w\" sizes=\"auto, (max-width: 1280px) 100vw, 1280px\" \/><div class=\"wp-block-cover__inner-container is-layout-flow wp-block-cover-is-layout-flow\">\n\n<h1 class=\"has-text-align-center wp-block-heading\">Rates<\/h1>\n\n<\/div><\/div>\n\n\n\n<div class=\"wp-block-group\"><div class=\"wp-block-group__inner-container is-layout-flow wp-block-group-is-layout-flow\">\n<h2 class=\"wp-block-heading has-30-font-size\">Rates for 2025 season<\/h2>\n\n\n\n<div style=\"height:15px\" aria-hidden=\"true\" class=\"wp-block-spacer\"><\/div>\n\n\n\n<ul class=\"list wp-block-list\">\n<li>Site without services (water at proximity) : $49.00 + taxes<\/li>\n\n\n\n<li>Site with two services (water and 20 amps electricity) : $59.00 + taxes<\/li>\n\n\n\n<li>Site with two services (water and 30 amps electricity) : $69.00 + taxes<\/li>\n\n\n\n<li>Site with two services and a view on the river (water and 30 amps electricity) : $89.00 + taxes<\/li>\n\n\n\n<li>Premium site with two services (water and 30 or 50 amps electricity, spacious, patio, deckchair) : $89.00 + taxes<\/li>\n\n\n\n<li>Site with three services (water, 30 amps electricity and sewer) : $79.00 + taxes<\/li>\n\n\n\n<li>Site with three services (water, 50 amps electricity and sewer) : $89.00 + taxes<\/li>\n\n\n\n<li>Site with two services right along the river (water and 30 amps electricity) : $95.00 + taxes<\/li>\n\n\n\n<li>ready to camp: $149,00+taxes<\/li>\n<\/ul>\n\n\n\n<p class=\"paragraph\">These rates apply to a party of four or less and include&nbsp;<strong>one vehicle<\/strong>. Each additional person and each additional vehicle will cost $3.00 taxes included per day. For each site reserved, a fee of $10.00 plus taxes&nbsp;is added for administration.Pets are accepted and cost $3 per day per dog.<\/p>\n\n\n\n<p class=\"paragraph\"><strong>Take note that because we don&#8217;t accept all-seasoners, we don&#8217;t have special rates for all-season.<\/strong><\/p>\n\n\n\n<p class=\"paragraph\">The check-out time is 1 p.m. If you would like to stay a few hours more, ONLY if the site is available, here are the rates :&nbsp;<\/p>\n\n\n\n<ul class=\"list wp-block-list\">\n<li>$12.00 until 4 p.m.<\/li>\n\n\n\n<li>$20.00 until 8 p.m.<\/li>\n<\/ul>\n\n\n\n<p class=\"paragraph\">Visitors rates (all visitors must leave before&nbsp;<strong>10 p.m<\/strong>.)<\/p>\n\n\n\n<ul class=\"list wp-block-list\">\n<li>Adult rate (16 years old and over) : $10.00 taxes included<\/li>\n\n\n\n<li>Child rate (5 years old to 15 years old) : $5.00 taxes included<\/li>\n\n\n\n<li>Child rate (5 years old and under) : free<\/li>\n<\/ul>\n\n\n\n<p class=\"paragraph\">These rates also concern swimmers or picnickers.<br>Visitors who wish to sleep at the campground&nbsp;<strong>MUST&nbsp;<\/strong>advise us before<strong>&nbsp;8 p.m.<\/strong>, do so in their host\u2019s equipment (no additional equipment) and leave for 1 p.m. the day after. If they do, the following rates apply:<\/p>\n\n\n\n<ul class=\"list wp-block-list\">\n<li>Adult rate (16 years old and over) : $15.00 taxes included<\/li>\n\n\n\n<li>Child rate (5 years old to 15 years old) : $8.00 taxes included<\/li>\n\n\n\n<li>Child rate (5 years old and under) : free<\/li>\n<\/ul>\n\n\n\n<p class=\"paragraph\">If not, they will have to leave the campground before 10 p.m.<\/p>\n\n\n\n<p class=\"paragraph has-blue-color has-text-color has-link-color wp-elements-a3d798e68d45a99cd19372e1a557b147\"><strong>&gt;&gt;&gt;&gt;&gt;&gt;&gt;&gt;&gt;&gt;&gt;&gt;&gt;&gt;&gt;&gt;&gt;&gt;&gt;&gt;&gt;&gt;&gt;&gt;&gt;&gt;&gt;&gt;&gt;&gt;&gt;&gt;&gt;&gt;&gt;&gt;&gt;&gt;&gt;&gt;&gt;&gt;&gt;&gt;&gt;&gt;&gt;&gt;&gt;&gt;&gt;&gt;&gt;&gt;&gt;&gt;&gt;&gt;&gt;&gt;&gt;&gt;&gt;&gt;&gt;&gt;&gt;&gt;&gt;&gt;&gt;&gt;&gt;<\/strong><\/p>\n\n\n\n<p class=\"paragraph has-text-align-center has-secondary-color has-text-color has-link-color wp-elements-9cf3648c3d04f4cffa5f5d9317279f81\"><strong>Reservation Terms and Cancellation Policy<\/strong><\/p>\n\n\n\n<p class=\"paragraph\">When booking, the customer must pay 50% of the total cost of the stay. Check-in time is after 1:00 PM, and check-out time is before 1:00 PM.<\/p>\n\n\n\n<p class=\"paragraph\">If the customer needs to cancel their reservation:<\/p>\n\n\n\n<ul class=\"list wp-block-list\">\n<li>For cancellations made at least one week in advance (168 hours or more), a cancellation fee of $25 (including tax) will apply, and the deposit will be refunded to the customer after deducting the $25 fee. The customer may also choose to postpone their stay to another date within the same season at no additional charge, and the entire deposit will be applied to the next stay.<\/li>\n\n\n\n<li>If the cancellation occurs within the week leading up to the arrival (less than 168 hours), the deposit will be retained as a penalty.<\/li>\n<\/ul>\n\n\n\n<p class=\"paragraph has-blue-color has-text-color has-link-color wp-elements-9e5e63ef4b806031fe72801f50b846af\"><strong>&lt;&lt;&lt;&lt;&lt;&lt;&lt;&lt;&lt;&lt;&lt;&lt;&lt;&lt;&lt;&lt;&lt;&lt;&lt;&lt;&lt;&lt;&lt;&lt;&lt;&lt;&lt;&lt;&lt;&lt;&lt;&lt;&lt;&lt;&lt;&lt;&lt;&lt;&lt;&lt;&lt;&lt;&lt;&lt;&lt;&lt;&lt;&lt;&lt;&lt;&lt;&lt;&lt;&lt;&lt;&lt;&lt;&lt;&lt;&lt;&lt;&lt;&lt;&lt;&lt;&lt;&lt;&lt;&lt;&lt;&lt;&lt;&lt;<\/strong><\/p>\n\n\n\n<p class=\"paragraph\"><strong>To know more about our Visitors and Additional Persons Policy, we invite you to visit our web site in the \u00ab<a href=\"https:\/\/campingorleans.com\/en\/policies\/\">Policies and Regulations<\/a>\u00bb section.<\/strong><\/p>\n\n\n\n<div style=\"height:100px\" aria-hidden=\"true\" class=\"wp-block-spacer\"><\/div>\n<\/div><\/div>\n\n\n\n<div class=\"wp-block-group alignfull has-white-color has-secondary-background-color has-text-color has-background\" style=\"padding-top:50px;padding-bottom:50px\"><div class=\"wp-block-group__inner-container is-layout-flow wp-block-group-is-layout-flow\">\n<h2 class=\"wp-block-heading has-text-align-center\">Book now.<\/h2>\n\n\n\n<div style=\"height:30px\" aria-hidden=\"true\" class=\"wp-block-spacer\"><\/div>\n\n\n\n<div class=\"wp-block-buttons is-horizontal is-content-justification-center is-layout-flex wp-container-core-buttons-is-layout-499968f5 wp-block-buttons-is-layout-flex\">\n<div class=\"wp-block-button\"><a class=\"wp-block-button__link has-primary-color has-white-background-color has-text-color has-background wp-element-button\" href=\"https:\/\/secure.reservationcamping.ca\/cgi-bin\/reservation.cgi?camping_id=7f368c389020ea0019c33c0ef0&amp;ar=1\" target=\"_blank\" rel=\"noreferrer noopener\">Book<\/a><\/div>\n<\/div>\n<\/div><\/div>\n","protected":false},"excerpt":{"rendered":"<p>Rates for 2025 season These rates apply to a party of four or less and include&nbsp;one vehicle. Each additional person and each additional vehicle will cost $3.00 taxes included per day. For each site reserved, a fee of $10.00 plus taxes&nbsp;is added for administration.Pets are accepted and cost $3 per day per dog. Take note &hellip; <a href=\"https:\/\/campingorleans.com\/en\/rates\/\">Continued<\/a><\/p>\n","protected":false},"author":1,"featured_media":0,"parent":0,"menu_order":0,"comment_status":"closed","ping_status":"closed","template":"","meta":{"_acf_changed":false,"footnotes":""},"class_list":["post-549","page","type-page","status-publish","hentry"],"acf":[],"yoast_head":"<!-- This site is optimized with the Yoast SEO plugin v22.6 - https:\/\/yoast.com\/wordpress\/plugins\/seo\/ -->\n<title>Rates - Camping Orl\u00e9ans<\/title>\n<meta name=\"robots\" content=\"index, follow, max-snippet:-1, max-image-preview:large, max-video-preview:-1\" \/>\n<link rel=\"canonical\" href=\"https:\/\/campingorleans.com\/en\/rates\/\" \/>\n<meta property=\"og:locale\" content=\"en_US\" \/>\n<meta property=\"og:type\" content=\"article\" \/>\n<meta property=\"og:title\" content=\"Rates - Camping Orl\u00e9ans\" \/>\n<meta property=\"og:description\" content=\"Rates for 2025 season These rates apply to a party of four or less and include&nbsp;one vehicle. Each additional person and each additional vehicle will cost $3.00 taxes included per day. For each site reserved, a fee of $10.00 plus taxes&nbsp;is added for administration.Pets are accepted and cost $3 per day per dog. Take note &hellip; Continued\" \/>\n<meta property=\"og:url\" content=\"https:\/\/campingorleans.com\/en\/rates\/\" \/>\n<meta property=\"og:site_name\" content=\"Camping Orl\u00e9ans\" \/>\n<meta property=\"article:publisher\" content=\"https:\/\/www.facebook.com\/campingorleans\" \/>\n<meta property=\"article:modified_time\" content=\"2025-03-10T21:16:05+00:00\" \/>\n<meta property=\"og:image\" content=\"https:\/\/campingorleans.com\/app\/uploads\/2021\/04\/camping-orleans-tarifs.jpg\" \/>\n<meta name=\"twitter:card\" content=\"summary_large_image\" \/>\n<meta name=\"twitter:label1\" content=\"Est. reading time\" \/>\n\t<meta name=\"twitter:data1\" content=\"3 minutes\" \/>\n<script type=\"application\/ld+json\" class=\"yoast-schema-graph\">{\"@context\":\"https:\/\/schema.org\",\"@graph\":[{\"@type\":\"WebPage\",\"@id\":\"https:\/\/campingorleans.com\/en\/rates\/\",\"url\":\"https:\/\/campingorleans.com\/en\/rates\/\",\"name\":\"Rates - Camping Orl\u00e9ans\",\"isPartOf\":{\"@id\":\"https:\/\/campingorleans.com\/en\/#website\"},\"primaryImageOfPage\":{\"@id\":\"https:\/\/campingorleans.com\/en\/rates\/#primaryimage\"},\"image\":{\"@id\":\"https:\/\/campingorleans.com\/en\/rates\/#primaryimage\"},\"thumbnailUrl\":\"https:\/\/campingorleans.com\/app\/uploads\/2021\/04\/camping-orleans-tarifs.jpg\",\"datePublished\":\"2021-04-12T13:21:59+00:00\",\"dateModified\":\"2025-03-10T21:16:05+00:00\",\"breadcrumb\":{\"@id\":\"https:\/\/campingorleans.com\/en\/rates\/#breadcrumb\"},\"inLanguage\":\"en-US\",\"potentialAction\":[{\"@type\":\"ReadAction\",\"target\":[\"https:\/\/campingorleans.com\/en\/rates\/\"]}]},{\"@type\":\"ImageObject\",\"inLanguage\":\"en-US\",\"@id\":\"https:\/\/campingorleans.com\/en\/rates\/#primaryimage\",\"url\":\"https:\/\/campingorleans.com\/app\/uploads\/2021\/04\/camping-orleans-tarifs.jpg\",\"contentUrl\":\"https:\/\/campingorleans.com\/app\/uploads\/2021\/04\/camping-orleans-tarifs.jpg\"},{\"@type\":\"BreadcrumbList\",\"@id\":\"https:\/\/campingorleans.com\/en\/rates\/#breadcrumb\",\"itemListElement\":[{\"@type\":\"ListItem\",\"position\":1,\"name\":\"Accueil\",\"item\":\"https:\/\/campingorleans.com\/en\/\"},{\"@type\":\"ListItem\",\"position\":2,\"name\":\"Rates\"}]},{\"@type\":\"WebSite\",\"@id\":\"https:\/\/campingorleans.com\/en\/#website\",\"url\":\"https:\/\/campingorleans.com\/en\/\",\"name\":\"Camping Orl\u00e9ans\",\"description\":\"\u00cele d&#039;Orl\u00e9ans | Qu\u00e9bec\",\"publisher\":{\"@id\":\"https:\/\/campingorleans.com\/en\/#organization\"},\"potentialAction\":[{\"@type\":\"SearchAction\",\"target\":{\"@type\":\"EntryPoint\",\"urlTemplate\":\"https:\/\/campingorleans.com\/en\/?s={search_term_string}\"},\"query-input\":\"required name=search_term_string\"}],\"inLanguage\":\"en-US\"},{\"@type\":\"Organization\",\"@id\":\"https:\/\/campingorleans.com\/en\/#organization\",\"name\":\"Camping Orl\u00e9ans\",\"url\":\"https:\/\/campingorleans.com\/en\/\",\"logo\":{\"@type\":\"ImageObject\",\"inLanguage\":\"en-US\",\"@id\":\"https:\/\/campingorleans.com\/en\/#\/schema\/logo\/image\/\",\"url\":\"https:\/\/campingorleans.com\/app\/uploads\/2021\/04\/icon-camping-orleans.svg\",\"contentUrl\":\"https:\/\/campingorleans.com\/app\/uploads\/2021\/04\/icon-camping-orleans.svg\",\"width\":67,\"height\":67,\"caption\":\"Camping Orl\u00e9ans\"},\"image\":{\"@id\":\"https:\/\/campingorleans.com\/en\/#\/schema\/logo\/image\/\"},\"sameAs\":[\"https:\/\/www.facebook.com\/campingorleans\",\"https:\/\/www.instagram.com\/campingorleans\/\"]}]}<\/script>\n<!-- \/ Yoast SEO plugin. -->","yoast_head_json":{"title":"Rates - Camping Orl\u00e9ans","robots":{"index":"index","follow":"follow","max-snippet":"max-snippet:-1","max-image-preview":"max-image-preview:large","max-video-preview":"max-video-preview:-1"},"canonical":"https:\/\/campingorleans.com\/en\/rates\/","og_locale":"en_US","og_type":"article","og_title":"Rates - Camping Orl\u00e9ans","og_description":"Rates for 2025 season These rates apply to a party of four or less and include&nbsp;one vehicle. Each additional person and each additional vehicle will cost $3.00 taxes included per day. For each site reserved, a fee of $10.00 plus taxes&nbsp;is added for administration.Pets are accepted and cost $3 per day per dog. Take note &hellip; Continued","og_url":"https:\/\/campingorleans.com\/en\/rates\/","og_site_name":"Camping Orl\u00e9ans","article_publisher":"https:\/\/www.facebook.com\/campingorleans","article_modified_time":"2025-03-10T21:16:05+00:00","og_image":[{"url":"https:\/\/campingorleans.com\/app\/uploads\/2021\/04\/camping-orleans-tarifs.jpg"}],"twitter_card":"summary_large_image","twitter_misc":{"Est. reading time":"3 minutes"},"schema":{"@context":"https:\/\/schema.org","@graph":[{"@type":"WebPage","@id":"https:\/\/campingorleans.com\/en\/rates\/","url":"https:\/\/campingorleans.com\/en\/rates\/","name":"Rates - Camping Orl\u00e9ans","isPartOf":{"@id":"https:\/\/campingorleans.com\/en\/#website"},"primaryImageOfPage":{"@id":"https:\/\/campingorleans.com\/en\/rates\/#primaryimage"},"image":{"@id":"https:\/\/campingorleans.com\/en\/rates\/#primaryimage"},"thumbnailUrl":"https:\/\/campingorleans.com\/app\/uploads\/2021\/04\/camping-orleans-tarifs.jpg","datePublished":"2021-04-12T13:21:59+00:00","dateModified":"2025-03-10T21:16:05+00:00","breadcrumb":{"@id":"https:\/\/campingorleans.com\/en\/rates\/#breadcrumb"},"inLanguage":"en-US","potentialAction":[{"@type":"ReadAction","target":["https:\/\/campingorleans.com\/en\/rates\/"]}]},{"@type":"ImageObject","inLanguage":"en-US","@id":"https:\/\/campingorleans.com\/en\/rates\/#primaryimage","url":"https:\/\/campingorleans.com\/app\/uploads\/2021\/04\/camping-orleans-tarifs.jpg","contentUrl":"https:\/\/campingorleans.com\/app\/uploads\/2021\/04\/camping-orleans-tarifs.jpg"},{"@type":"BreadcrumbList","@id":"https:\/\/campingorleans.com\/en\/rates\/#breadcrumb","itemListElement":[{"@type":"ListItem","position":1,"name":"Accueil","item":"https:\/\/campingorleans.com\/en\/"},{"@type":"ListItem","position":2,"name":"Rates"}]},{"@type":"WebSite","@id":"https:\/\/campingorleans.com\/en\/#website","url":"https:\/\/campingorleans.com\/en\/","name":"Camping Orl\u00e9ans","description":"\u00cele d&#039;Orl\u00e9ans | Qu\u00e9bec","publisher":{"@id":"https:\/\/campingorleans.com\/en\/#organization"},"potentialAction":[{"@type":"SearchAction","target":{"@type":"EntryPoint","urlTemplate":"https:\/\/campingorleans.com\/en\/?s={search_term_string}"},"query-input":"required name=search_term_string"}],"inLanguage":"en-US"},{"@type":"Organization","@id":"https:\/\/campingorleans.com\/en\/#organization","name":"Camping Orl\u00e9ans","url":"https:\/\/campingorleans.com\/en\/","logo":{"@type":"ImageObject","inLanguage":"en-US","@id":"https:\/\/campingorleans.com\/en\/#\/schema\/logo\/image\/","url":"https:\/\/campingorleans.com\/app\/uploads\/2021\/04\/icon-camping-orleans.svg","contentUrl":"https:\/\/campingorleans.com\/app\/uploads\/2021\/04\/icon-camping-orleans.svg","width":67,"height":67,"caption":"Camping Orl\u00e9ans"},"image":{"@id":"https:\/\/campingorleans.com\/en\/#\/schema\/logo\/image\/"},"sameAs":["https:\/\/www.facebook.com\/campingorleans","https:\/\/www.instagram.com\/campingorleans\/"]}]}},"_links":{"self":[{"href":"https:\/\/campingorleans.com\/en\/wp-json\/wp\/v2\/pages\/549","targetHints":{"allow":["GET"]}}],"collection":[{"href":"https:\/\/campingorleans.com\/en\/wp-json\/wp\/v2\/pages"}],"about":[{"href":"https:\/\/campingorleans.com\/en\/wp-json\/wp\/v2\/types\/page"}],"author":[{"embeddable":true,"href":"https:\/\/campingorleans.com\/en\/wp-json\/wp\/v2\/users\/1"}],"replies":[{"embeddable":true,"href":"https:\/\/campingorleans.com\/en\/wp-json\/wp\/v2\/comments?post=549"}],"version-history":[{"count":16,"href":"https:\/\/campingorleans.com\/en\/wp-json\/wp\/v2\/pages\/549\/revisions"}],"predecessor-version":[{"id":1093,"href":"https:\/\/campingorleans.com\/en\/wp-json\/wp\/v2\/pages\/549\/revisions\/1093"}],"wp:attachment":[{"href":"https:\/\/campingorleans.com\/en\/wp-json\/wp\/v2\/media?parent=549"}],"curies":[{"name":"wp","href":"https:\/\/api.w.org\/{rel}","templated":true}]}}