{"id":547,"date":"2021-04-12T13:22:09","date_gmt":"2021-04-12T13:22:09","guid":{"rendered":"https:\/\/campingorleans.com\/services\/"},"modified":"2021-05-28T09:52:44","modified_gmt":"2021-05-28T09:52:44","slug":"services","status":"publish","type":"page","link":"https:\/\/campingorleans.com\/en\/services\/","title":{"rendered":"Services"},"content":{"rendered":"\n<div class=\"wp-block-cover alignfull has-background-dim-20 has-black-background-color has-background-dim hero\"><img loading=\"lazy\" decoding=\"async\" width=\"2560\" height=\"1802\" class=\"wp-block-cover__image-background wp-image-763\" alt=\"\" src=\"https:\/\/campingorleans.com\/app\/uploads\/2021\/05\/camping-orleans-services-2-scaled.jpg\" style=\"object-position:50% 50%\" data-object-fit=\"cover\" data-object-position=\"50% 50%\" srcset=\"https:\/\/campingorleans.com\/app\/uploads\/2021\/05\/camping-orleans-services-2-scaled.jpg 2560w, https:\/\/campingorleans.com\/app\/uploads\/2021\/05\/camping-orleans-services-2-scaled-600x422.jpg 600w, https:\/\/campingorleans.com\/app\/uploads\/2021\/05\/camping-orleans-services-2-800x563.jpg 800w, https:\/\/campingorleans.com\/app\/uploads\/2021\/05\/camping-orleans-services-2-1024x721.jpg 1024w, https:\/\/campingorleans.com\/app\/uploads\/2021\/05\/camping-orleans-services-2-768x541.jpg 768w, https:\/\/campingorleans.com\/app\/uploads\/2021\/05\/camping-orleans-services-2-1536x1081.jpg 1536w, https:\/\/campingorleans.com\/app\/uploads\/2021\/05\/camping-orleans-services-2-2048x1442.jpg 2048w\" sizes=\"auto, (max-width: 2560px) 100vw, 2560px\" \/><div class=\"wp-block-cover__inner-container is-layout-flow wp-block-cover-is-layout-flow\">\n<h1 class=\"has-text-align-center wp-block-heading\">Services<\/h1>\n<\/div><\/div>\n\n\n\n<div class=\"wp-block-group\"><div class=\"wp-block-group__inner-container is-layout-flow wp-block-group-is-layout-flow\">\n<p class=\"paragraph has-20-font-size\">Camping Orl\u00e9ans offers you services like free wireless Internet everywhere on the campground, a public hall with terrace, one convenience store, two modern sanitary facilities, a dumping station, two panoramic viewpoints\u00a0and\u00a0recycling services. We also have for you pull-through campground, 50 amps campground and Premium campground. The latter include a patio, a deckchair and a \u201cbistro\u201d table set. Note that we are located a few minutes away from a variety of restaurants. The local gastronomy is renowned!<\/p>\n\n\n\n<p class=\"paragraph\">We offer outdoor activities, such as volleyball, heated pool, badminton, basketball, two playgrounds and indoor activities such as ping-pong, baby foot, sand bag throw and a library with French and English books. Moreover, you can borrow at the office balls, playing cards, rackets and paddles, petanque, board games, etc. Close to the campground, you can fish on the dock or walk along the river. Go have a look of the painted rocks on the shore and don\u2019t miss the passing cruise ships and cargos!<\/p>\n\n\n\n<p class=\"paragraph\">At the heart of the \u00eele d&#8217;Orl\u00e9ans\u2019 attractions you will take pleasure in discovering the many arts and crafts shops nearby (painting, pottery, tinplate making, leather&#8217;s creations, popular art, weaving, etc.) or in tasting the flavours of the land. Hot bread from the bakery, awarded wines from the wineries, cheese, microbrewery, chocolate, foie gras, cider, fresh products such as seasonal fruit and vegetables, maple products, as well as farm products will delight you. You will enjoy cycling around the beautiful island or visit its historical heritage. Also visit a fish farm, golf courses, cabaret, antiques, and so much more!<\/p>\n<\/div><\/div>\n\n\n\n<div style=\"height:100px\" aria-hidden=\"true\" class=\"wp-block-spacer\"><\/div>\n\n\n\n<div class=\"wp-block-media-text alignfull is-stacked-on-mobile is-style-border has-white-color has-blue-background-color has-text-color has-background\"><figure class=\"wp-block-media-text__media\"><img loading=\"lazy\" decoding=\"async\" width=\"1024\" height=\"758\" src=\"https:\/\/campingorleans.com\/app\/uploads\/2021\/04\/Camping-Ile-Orelans@2x-1024x758.png\" alt=\"\" class=\"wp-image-232 size-full\" srcset=\"https:\/\/campingorleans.com\/app\/uploads\/2021\/04\/Camping-Ile-Orelans@2x-1024x758.png 1024w, https:\/\/campingorleans.com\/app\/uploads\/2021\/04\/Camping-Ile-Orelans@2x-600x444.png 600w, https:\/\/campingorleans.com\/app\/uploads\/2021\/04\/Camping-Ile-Orelans@2x-800x592.png 800w, https:\/\/campingorleans.com\/app\/uploads\/2021\/04\/Camping-Ile-Orelans@2x-768x569.png 768w, https:\/\/campingorleans.com\/app\/uploads\/2021\/04\/Camping-Ile-Orelans@2x-1536x1138.png 1536w, https:\/\/campingorleans.com\/app\/uploads\/2021\/04\/Camping-Ile-Orelans@2x-2048x1517.png 2048w\" sizes=\"auto, (max-width: 1024px) 100vw, 1024px\" \/><\/figure><div class=\"wp-block-media-text__content\">\n<h2 class=\"wp-block-heading\">What to do at l\u2019\u00eele d\u2019Orl\u00e9ans<\/h2>\n\n\n\n<div class=\"wp-block-buttons is-layout-flex wp-block-buttons-is-layout-flex\">\n<div class=\"wp-block-button is-style-arrow\"><a class=\"wp-block-button__link has-cyan-color has-text-color\" href=\"https:\/\/tourisme.iledorleans.com\/en\/\" target=\"_blank\" rel=\"noreferrer noopener\">Tourism \u00cele d&#8217;Orl\u00e9ans<svg width=\"21.414\" height=\"11.414\" class=\"ml-4\"><defs><clipPath id=\"clipPath_a\"><path fill=\"none\" stroke=\"currentColor\" d=\"M0 0h21.414v11.414H0z\"\/><\/clipPath><\/defs><g clip-path=\"url(#clipPath_a)\" fill=\"none\" stroke=\"currentColor\" stroke-miterlimit=\"10\" stroke-width=\"2\"><path d=\"M0 5.707h20M15 10.707l5-5-5-5\"\/><\/g><\/svg><\/a><\/div>\n<\/div>\n<\/div><\/div>\n\n\n\n<div style=\"height:150px\" aria-hidden=\"true\" class=\"wp-block-spacer\"><\/div>\n\n\n\n<div class=\"wp-block-group alignfull has-white-color has-secondary-background-color has-text-color has-background\" style=\"padding-top:50px;padding-bottom:50px\"><div class=\"wp-block-group__inner-container is-layout-flow wp-block-group-is-layout-flow\">\n<h2 class=\"wp-block-heading has-text-align-center\">Book now.<\/h2>\n\n\n\n<div style=\"height:30px\" aria-hidden=\"true\" class=\"wp-block-spacer\"><\/div>\n\n\n\n<div class=\"wp-block-buttons is-horizontal is-content-justification-center is-layout-flex wp-container-core-buttons-is-layout-499968f5 wp-block-buttons-is-layout-flex\">\n<div class=\"wp-block-button\"><a class=\"wp-block-button__link has-primary-color has-white-background-color has-text-color has-background wp-element-button\" href=\"https:\/\/secure.reservationcamping.ca\/cgi-bin\/reservation.cgi?camping_id=7f368c389020ea0019c33c0ef0&amp;ar=1\" target=\"_blank\" rel=\"noreferrer noopener\">Book<\/a><\/div>\n<\/div>\n<\/div><\/div>\n","protected":false},"excerpt":{"rendered":"<p>Camping Orl\u00e9ans offers you services like free wireless Internet everywhere on the campground, a public hall with terrace, one convenience store, two modern sanitary facilities, a dumping station, two panoramic viewpoints\u00a0and\u00a0recycling services. We also have for you pull-through campground, 50 amps campground and Premium campground. The latter include a patio, a deckchair and a \u201cbistro\u201d &hellip; <a href=\"https:\/\/campingorleans.com\/en\/services\/\">Continued<\/a><\/p>\n","protected":false},"author":1,"featured_media":0,"parent":0,"menu_order":0,"comment_status":"closed","ping_status":"closed","template":"","meta":{"_acf_changed":false,"footnotes":""},"class_list":["post-547","page","type-page","status-publish","hentry"],"acf":[],"yoast_head":"<!-- This site is optimized with the Yoast SEO plugin v22.6 - https:\/\/yoast.com\/wordpress\/plugins\/seo\/ -->\n<title>Services - Camping Orl\u00e9ans<\/title>\n<meta name=\"robots\" content=\"index, follow, max-snippet:-1, max-image-preview:large, max-video-preview:-1\" \/>\n<link rel=\"canonical\" href=\"https:\/\/campingorleans.com\/en\/services\/\" \/>\n<meta property=\"og:locale\" content=\"en_US\" \/>\n<meta property=\"og:type\" content=\"article\" \/>\n<meta property=\"og:title\" content=\"Services - Camping Orl\u00e9ans\" \/>\n<meta property=\"og:description\" content=\"Camping Orl\u00e9ans offers you services like free wireless Internet everywhere on the campground, a public hall with terrace, one convenience store, two modern sanitary facilities, a dumping station, two panoramic viewpoints\u00a0and\u00a0recycling services. We also have for you pull-through campground, 50 amps campground and Premium campground. The latter include a patio, a deckchair and a \u201cbistro\u201d &hellip; Continued\" \/>\n<meta property=\"og:url\" content=\"https:\/\/campingorleans.com\/en\/services\/\" \/>\n<meta property=\"og:site_name\" content=\"Camping Orl\u00e9ans\" \/>\n<meta property=\"article:publisher\" content=\"https:\/\/www.facebook.com\/campingorleans\" \/>\n<meta property=\"article:modified_time\" content=\"2021-05-28T09:52:44+00:00\" \/>\n<meta property=\"og:image\" content=\"https:\/\/campingorleans.com\/app\/uploads\/2021\/05\/camping-orleans-services-2-scaled.jpg\" \/>\n<meta name=\"twitter:card\" content=\"summary_large_image\" \/>\n<meta name=\"twitter:label1\" content=\"Est. reading time\" \/>\n\t<meta name=\"twitter:data1\" content=\"2 minutes\" \/>\n<script type=\"application\/ld+json\" class=\"yoast-schema-graph\">{\"@context\":\"https:\/\/schema.org\",\"@graph\":[{\"@type\":\"WebPage\",\"@id\":\"https:\/\/campingorleans.com\/en\/services\/\",\"url\":\"https:\/\/campingorleans.com\/en\/services\/\",\"name\":\"Services - Camping Orl\u00e9ans\",\"isPartOf\":{\"@id\":\"https:\/\/campingorleans.com\/en\/#website\"},\"primaryImageOfPage\":{\"@id\":\"https:\/\/campingorleans.com\/en\/services\/#primaryimage\"},\"image\":{\"@id\":\"https:\/\/campingorleans.com\/en\/services\/#primaryimage\"},\"thumbnailUrl\":\"https:\/\/campingorleans.com\/app\/uploads\/2021\/05\/camping-orleans-services-2-scaled.jpg\",\"datePublished\":\"2021-04-12T13:22:09+00:00\",\"dateModified\":\"2021-05-28T09:52:44+00:00\",\"breadcrumb\":{\"@id\":\"https:\/\/campingorleans.com\/en\/services\/#breadcrumb\"},\"inLanguage\":\"en-US\",\"potentialAction\":[{\"@type\":\"ReadAction\",\"target\":[\"https:\/\/campingorleans.com\/en\/services\/\"]}]},{\"@type\":\"ImageObject\",\"inLanguage\":\"en-US\",\"@id\":\"https:\/\/campingorleans.com\/en\/services\/#primaryimage\",\"url\":\"https:\/\/campingorleans.com\/app\/uploads\/2021\/05\/camping-orleans-services-2-scaled.jpg\",\"contentUrl\":\"https:\/\/campingorleans.com\/app\/uploads\/2021\/05\/camping-orleans-services-2-scaled.jpg\"},{\"@type\":\"BreadcrumbList\",\"@id\":\"https:\/\/campingorleans.com\/en\/services\/#breadcrumb\",\"itemListElement\":[{\"@type\":\"ListItem\",\"position\":1,\"name\":\"Accueil\",\"item\":\"https:\/\/campingorleans.com\/en\/\"},{\"@type\":\"ListItem\",\"position\":2,\"name\":\"Services\"}]},{\"@type\":\"WebSite\",\"@id\":\"https:\/\/campingorleans.com\/en\/#website\",\"url\":\"https:\/\/campingorleans.com\/en\/\",\"name\":\"Camping Orl\u00e9ans\",\"description\":\"\u00cele d&#039;Orl\u00e9ans | Qu\u00e9bec\",\"publisher\":{\"@id\":\"https:\/\/campingorleans.com\/en\/#organization\"},\"potentialAction\":[{\"@type\":\"SearchAction\",\"target\":{\"@type\":\"EntryPoint\",\"urlTemplate\":\"https:\/\/campingorleans.com\/en\/?s={search_term_string}\"},\"query-input\":\"required name=search_term_string\"}],\"inLanguage\":\"en-US\"},{\"@type\":\"Organization\",\"@id\":\"https:\/\/campingorleans.com\/en\/#organization\",\"name\":\"Camping Orl\u00e9ans\",\"url\":\"https:\/\/campingorleans.com\/en\/\",\"logo\":{\"@type\":\"ImageObject\",\"inLanguage\":\"en-US\",\"@id\":\"https:\/\/campingorleans.com\/en\/#\/schema\/logo\/image\/\",\"url\":\"https:\/\/campingorleans.com\/app\/uploads\/2021\/04\/icon-camping-orleans.svg\",\"contentUrl\":\"https:\/\/campingorleans.com\/app\/uploads\/2021\/04\/icon-camping-orleans.svg\",\"width\":67,\"height\":67,\"caption\":\"Camping Orl\u00e9ans\"},\"image\":{\"@id\":\"https:\/\/campingorleans.com\/en\/#\/schema\/logo\/image\/\"},\"sameAs\":[\"https:\/\/www.facebook.com\/campingorleans\",\"https:\/\/www.instagram.com\/campingorleans\/\"]}]}<\/script>\n<!-- \/ Yoast SEO plugin. -->","yoast_head_json":{"title":"Services - Camping Orl\u00e9ans","robots":{"index":"index","follow":"follow","max-snippet":"max-snippet:-1","max-image-preview":"max-image-preview:large","max-video-preview":"max-video-preview:-1"},"canonical":"https:\/\/campingorleans.com\/en\/services\/","og_locale":"en_US","og_type":"article","og_title":"Services - Camping Orl\u00e9ans","og_description":"Camping Orl\u00e9ans offers you services like free wireless Internet everywhere on the campground, a public hall with terrace, one convenience store, two modern sanitary facilities, a dumping station, two panoramic viewpoints\u00a0and\u00a0recycling services. We also have for you pull-through campground, 50 amps campground and Premium campground. The latter include a patio, a deckchair and a \u201cbistro\u201d &hellip; Continued","og_url":"https:\/\/campingorleans.com\/en\/services\/","og_site_name":"Camping Orl\u00e9ans","article_publisher":"https:\/\/www.facebook.com\/campingorleans","article_modified_time":"2021-05-28T09:52:44+00:00","og_image":[{"url":"https:\/\/campingorleans.com\/app\/uploads\/2021\/05\/camping-orleans-services-2-scaled.jpg"}],"twitter_card":"summary_large_image","twitter_misc":{"Est. reading time":"2 minutes"},"schema":{"@context":"https:\/\/schema.org","@graph":[{"@type":"WebPage","@id":"https:\/\/campingorleans.com\/en\/services\/","url":"https:\/\/campingorleans.com\/en\/services\/","name":"Services - Camping Orl\u00e9ans","isPartOf":{"@id":"https:\/\/campingorleans.com\/en\/#website"},"primaryImageOfPage":{"@id":"https:\/\/campingorleans.com\/en\/services\/#primaryimage"},"image":{"@id":"https:\/\/campingorleans.com\/en\/services\/#primaryimage"},"thumbnailUrl":"https:\/\/campingorleans.com\/app\/uploads\/2021\/05\/camping-orleans-services-2-scaled.jpg","datePublished":"2021-04-12T13:22:09+00:00","dateModified":"2021-05-28T09:52:44+00:00","breadcrumb":{"@id":"https:\/\/campingorleans.com\/en\/services\/#breadcrumb"},"inLanguage":"en-US","potentialAction":[{"@type":"ReadAction","target":["https:\/\/campingorleans.com\/en\/services\/"]}]},{"@type":"ImageObject","inLanguage":"en-US","@id":"https:\/\/campingorleans.com\/en\/services\/#primaryimage","url":"https:\/\/campingorleans.com\/app\/uploads\/2021\/05\/camping-orleans-services-2-scaled.jpg","contentUrl":"https:\/\/campingorleans.com\/app\/uploads\/2021\/05\/camping-orleans-services-2-scaled.jpg"},{"@type":"BreadcrumbList","@id":"https:\/\/campingorleans.com\/en\/services\/#breadcrumb","itemListElement":[{"@type":"ListItem","position":1,"name":"Accueil","item":"https:\/\/campingorleans.com\/en\/"},{"@type":"ListItem","position":2,"name":"Services"}]},{"@type":"WebSite","@id":"https:\/\/campingorleans.com\/en\/#website","url":"https:\/\/campingorleans.com\/en\/","name":"Camping Orl\u00e9ans","description":"\u00cele d&#039;Orl\u00e9ans | Qu\u00e9bec","publisher":{"@id":"https:\/\/campingorleans.com\/en\/#organization"},"potentialAction":[{"@type":"SearchAction","target":{"@type":"EntryPoint","urlTemplate":"https:\/\/campingorleans.com\/en\/?s={search_term_string}"},"query-input":"required name=search_term_string"}],"inLanguage":"en-US"},{"@type":"Organization","@id":"https:\/\/campingorleans.com\/en\/#organization","name":"Camping Orl\u00e9ans","url":"https:\/\/campingorleans.com\/en\/","logo":{"@type":"ImageObject","inLanguage":"en-US","@id":"https:\/\/campingorleans.com\/en\/#\/schema\/logo\/image\/","url":"https:\/\/campingorleans.com\/app\/uploads\/2021\/04\/icon-camping-orleans.svg","contentUrl":"https:\/\/campingorleans.com\/app\/uploads\/2021\/04\/icon-camping-orleans.svg","width":67,"height":67,"caption":"Camping Orl\u00e9ans"},"image":{"@id":"https:\/\/campingorleans.com\/en\/#\/schema\/logo\/image\/"},"sameAs":["https:\/\/www.facebook.com\/campingorleans","https:\/\/www.instagram.com\/campingorleans\/"]}]}},"_links":{"self":[{"href":"https:\/\/campingorleans.com\/en\/wp-json\/wp\/v2\/pages\/547","targetHints":{"allow":["GET"]}}],"collection":[{"href":"https:\/\/campingorleans.com\/en\/wp-json\/wp\/v2\/pages"}],"about":[{"href":"https:\/\/campingorleans.com\/en\/wp-json\/wp\/v2\/types\/page"}],"author":[{"embeddable":true,"href":"https:\/\/campingorleans.com\/en\/wp-json\/wp\/v2\/users\/1"}],"replies":[{"embeddable":true,"href":"https:\/\/campingorleans.com\/en\/wp-json\/wp\/v2\/comments?post=547"}],"version-history":[{"count":16,"href":"https:\/\/campingorleans.com\/en\/wp-json\/wp\/v2\/pages\/547\/revisions"}],"predecessor-version":[{"id":815,"href":"https:\/\/campingorleans.com\/en\/wp-json\/wp\/v2\/pages\/547\/revisions\/815"}],"wp:attachment":[{"href":"https:\/\/campingorleans.com\/en\/wp-json\/wp\/v2\/media?parent=547"}],"curies":[{"name":"wp","href":"https:\/\/api.w.org\/{rel}","templated":true}]}}