{"id":543,"date":"2021-04-12T13:24:27","date_gmt":"2021-04-12T13:24:27","guid":{"rendered":"https:\/\/campingorleans.com\/contact\/"},"modified":"2024-03-13T03:10:37","modified_gmt":"2024-03-13T03:10:37","slug":"contact","status":"publish","type":"page","link":"https:\/\/campingorleans.com\/en\/contact\/","title":{"rendered":"Contact"},"content":{"rendered":"\n<div class=\"wp-block-cover alignfull is-light hero\"><span aria-hidden=\"true\" class=\"wp-block-cover__background has-black-background-color has-background-dim-20 has-background-dim\"><\/span><img loading=\"lazy\" decoding=\"async\" width=\"2000\" height=\"1334\" class=\"wp-block-cover__image-background wp-image-210\" alt=\"\" src=\"https:\/\/campingorleans.com\/app\/uploads\/2021\/04\/camping-orleans-contact.jpg\" style=\"object-position:50% 60%\" data-object-fit=\"cover\" data-object-position=\"50% 60%\" srcset=\"https:\/\/campingorleans.com\/app\/uploads\/2021\/04\/camping-orleans-contact.jpg 2000w, https:\/\/campingorleans.com\/app\/uploads\/2021\/04\/camping-orleans-contact-600x400.jpg 600w, https:\/\/campingorleans.com\/app\/uploads\/2021\/04\/camping-orleans-contact-800x534.jpg 800w, https:\/\/campingorleans.com\/app\/uploads\/2021\/04\/camping-orleans-contact-1024x683.jpg 1024w, https:\/\/campingorleans.com\/app\/uploads\/2021\/04\/camping-orleans-contact-768x512.jpg 768w, https:\/\/campingorleans.com\/app\/uploads\/2021\/04\/camping-orleans-contact-1536x1025.jpg 1536w\" sizes=\"auto, (max-width: 2000px) 100vw, 2000px\" \/><div class=\"wp-block-cover__inner-container is-layout-flow wp-block-cover-is-layout-flow\">\n<h1 class=\"wp-block-heading has-text-align-center\">Contact<\/h1>\n<\/div><\/div>\n\n\n\n<div class=\"wp-block-columns alignwide max-w-screen-lg is-layout-flex wp-container-core-columns-is-layout-9d6595d7 wp-block-columns-is-layout-flex\">\n<div class=\"wp-block-column is-layout-flow wp-block-column-is-layout-flow\" style=\"flex-basis:40%\">\n<p class=\"paragraph\"><strong>Camping Orl\u00e9ans<br><\/strong>3547, chemin Royal<br>Saint-Fran\u00e7ois-de-l\u2019\u00eele-d\u2019Orl\u00e9ans,<br>Qu\u00e9bec G0A 3S0<\/p>\n\n\n\n<p class=\"paragraph\"><strong>GPS Address<\/strong><br>Latitude (North) 46\u00b0 99&#8242;<br>Longitude (West) -70\u00b0 81&#8242;<\/p>\n\n\n\n<p class=\"paragraph\"><strong>Phone<\/strong>: 1-418-829-2953<br><strong>Toll Free<\/strong>: 1-888-829-2953<br><strong>Fax<\/strong>: 1-418-829-2563<\/p>\n\n\n\n<p class=\"paragraph\"><a href=\"mailto:info@campingorleans.com\">info@campingorleans.com<\/a><\/p>\n<\/div>\n\n\n\n<div class=\"wp-block-column is-layout-flow wp-block-column-is-layout-flow\">\n<div class=\"wp-block-contact-form-7-contact-form-selector\">\n<div class=\"wpcf7 no-js\" id=\"wpcf7-f200-o1\" lang=\"fr-CA\" dir=\"ltr\">\n<div class=\"screen-reader-response\"><p role=\"status\" aria-live=\"polite\" aria-atomic=\"true\"><\/p> <ul><\/ul><\/div>\n<form action=\"\/en\/wp-json\/wp\/v2\/pages\/543#wpcf7-f200-o1\" method=\"post\" class=\"wpcf7-form init\" aria-label=\"Contact form\" novalidate=\"novalidate\" data-status=\"init\">\n<div style=\"display: none;\">\n<input type=\"hidden\" name=\"_wpcf7\" value=\"200\" \/>\n<input type=\"hidden\" name=\"_wpcf7_version\" value=\"5.9.3\" \/>\n<input type=\"hidden\" name=\"_wpcf7_locale\" value=\"fr_CA\" \/>\n<input type=\"hidden\" name=\"_wpcf7_unit_tag\" value=\"wpcf7-f200-o1\" \/>\n<input type=\"hidden\" name=\"_wpcf7_container_post\" value=\"0\" \/>\n<input type=\"hidden\" name=\"_wpcf7_posted_data_hash\" value=\"\" \/>\n<\/div>\n<p><label> <span class=\"sr-only\">Pr\u00e9nom, Nom<\/span><br \/>\n<span class=\"wpcf7-form-control-wrap\" data-name=\"your-name\"><input size=\"40\" class=\"wpcf7-form-control wpcf7-text wpcf7-validates-as-required\" aria-required=\"true\" aria-invalid=\"false\" placeholder=\"Pr\u00e9nom, Nom\" value=\"\" type=\"text\" name=\"your-name\" \/><\/span> <\/label>\n<\/p>\n<p><label> <span class=\"sr-only\">T\u00e9l\u00e9phone<\/span><br \/>\n<span class=\"wpcf7-form-control-wrap\" data-name=\"your-phone\"><input size=\"40\" class=\"wpcf7-form-control wpcf7-text wpcf7-validates-as-required\" aria-required=\"true\" aria-invalid=\"false\" placeholder=\"T\u00e9l\u00e9phone\" value=\"\" type=\"text\" name=\"your-phone\" \/><\/span> <\/label>\n<\/p>\n<p><label> <span class=\"sr-only\">Courriel<\/span><br \/>\n<span class=\"wpcf7-form-control-wrap\" data-name=\"your-email\"><input size=\"40\" class=\"wpcf7-form-control wpcf7-email wpcf7-validates-as-required wpcf7-text wpcf7-validates-as-email\" aria-required=\"true\" aria-invalid=\"false\" placeholder=\"Courriel\" value=\"\" type=\"email\" name=\"your-email\" \/><\/span> <\/label>\n<\/p>\n<p><label> <span class=\"sr-only\">Message<\/span><br \/>\n<span class=\"wpcf7-form-control-wrap\" data-name=\"your-message\"><textarea cols=\"40\" rows=\"10\" class=\"wpcf7-form-control wpcf7-textarea wpcf7-validates-as-required\" aria-required=\"true\" aria-invalid=\"false\" placeholder=\"Message\" name=\"your-message\"><\/textarea><\/span> <\/label>\n<\/p>\n<div class=\"text-right\">\n\t<p><input class=\"wpcf7-form-control wpcf7-submit has-spinner\" type=\"submit\" value=\"Envoyer\" \/>\n\t<\/p>\n<\/div><div class=\"wpcf7-response-output\" aria-hidden=\"true\"><\/div>\n<\/form>\n<\/div>\n<\/div>\n<\/div>\n<\/div>\n\n\n\n<div style=\"height:120px\" aria-hidden=\"true\" class=\"wp-block-spacer\"><\/div>\n\n\n\n<div class=\"iframe-map\"><iframe src=\"https:\/\/www.google.com\/maps\/embed?pb=!1m18!1m12!1m3!1d174358.5838968047!2d-71.11431037412974!3d46.93510332246636!2m3!1f0!2f0!3f0!3m2!1i1024!2i768!4f13.1!3m3!1m2!1s0x4cb8ce90b9fa10af%3A0x6a90b369c87250b3!2sCamping%20Orl%C3%A9ans!5e0!3m2!1sfr!2sca!4v1620405666308!5m2!1sfr!2sca\" width=\"100%\" height=\"450\" style=\"border:0;\" allowfullscreen=\"\" loading=\"lazy\"><\/iframe><\/div>\n\n\n\n<div class=\"wp-block-group alignfull has-white-color has-secondary-background-color has-text-color has-background\" style=\"padding-top:50px;padding-bottom:50px\"><div class=\"wp-block-group__inner-container is-layout-flow wp-block-group-is-layout-flow\">\n<h2 class=\"wp-block-heading has-text-align-center\">Book now.<\/h2>\n\n\n\n<div style=\"height:30px\" aria-hidden=\"true\" class=\"wp-block-spacer\"><\/div>\n\n\n\n<div class=\"wp-block-buttons is-horizontal is-content-justification-center is-layout-flex wp-container-core-buttons-is-layout-499968f5 wp-block-buttons-is-layout-flex\">\n<div class=\"wp-block-button\"><a class=\"wp-block-button__link has-primary-color has-white-background-color has-text-color has-background wp-element-button\" href=\"https:\/\/secure.reservationcamping.ca\/cgi-bin\/reservation.cgi?camping_id=7f368c389020ea0019c33c0ef0&amp;ar=1\" target=\"_blank\" rel=\"noreferrer noopener\">Book<\/a><\/div>\n<\/div>\n<\/div><\/div>\n","protected":false},"excerpt":{"rendered":"<p>Camping Orl\u00e9ans3547, chemin RoyalSaint-Fran\u00e7ois-de-l\u2019\u00eele-d\u2019Orl\u00e9ans,Qu\u00e9bec G0A 3S0 GPS AddressLatitude (North) 46\u00b0 99&#8242;Longitude (West) -70\u00b0 81&#8242; Phone: 1-418-829-2953Toll Free: 1-888-829-2953Fax: 1-418-829-2563 info@campingorleans.com<\/p>\n","protected":false},"author":1,"featured_media":0,"parent":0,"menu_order":0,"comment_status":"closed","ping_status":"closed","template":"","meta":{"_acf_changed":false,"footnotes":""},"class_list":["post-543","page","type-page","status-publish","hentry"],"acf":[],"yoast_head":"<!-- This site is optimized with the Yoast SEO plugin v22.6 - https:\/\/yoast.com\/wordpress\/plugins\/seo\/ -->\n<title>Contact - Camping Orl\u00e9ans<\/title>\n<meta name=\"robots\" content=\"index, follow, max-snippet:-1, max-image-preview:large, max-video-preview:-1\" \/>\n<link rel=\"canonical\" href=\"https:\/\/campingorleans.com\/en\/contact\/\" \/>\n<meta property=\"og:locale\" content=\"en_US\" \/>\n<meta property=\"og:type\" content=\"article\" \/>\n<meta property=\"og:title\" content=\"Contact - Camping Orl\u00e9ans\" \/>\n<meta property=\"og:description\" content=\"Camping Orl\u00e9ans3547, chemin RoyalSaint-Fran\u00e7ois-de-l\u2019\u00eele-d\u2019Orl\u00e9ans,Qu\u00e9bec G0A 3S0 GPS AddressLatitude (North) 46\u00b0 99&#8242;Longitude (West) -70\u00b0 81&#8242; Phone: 1-418-829-2953Toll Free: 1-888-829-2953Fax: 1-418-829-2563 info@campingorleans.com\" \/>\n<meta property=\"og:url\" content=\"https:\/\/campingorleans.com\/en\/contact\/\" \/>\n<meta property=\"og:site_name\" content=\"Camping Orl\u00e9ans\" \/>\n<meta property=\"article:publisher\" content=\"https:\/\/www.facebook.com\/campingorleans\" \/>\n<meta property=\"article:modified_time\" content=\"2024-03-13T03:10:37+00:00\" \/>\n<meta property=\"og:image\" content=\"https:\/\/campingorleans.com\/app\/uploads\/2021\/04\/camping-orleans-contact.jpg\" \/>\n<meta name=\"twitter:card\" content=\"summary_large_image\" \/>\n<meta name=\"twitter:label1\" content=\"Est. reading time\" \/>\n\t<meta name=\"twitter:data1\" content=\"1 minute\" \/>\n<script type=\"application\/ld+json\" class=\"yoast-schema-graph\">{\"@context\":\"https:\/\/schema.org\",\"@graph\":[{\"@type\":\"WebPage\",\"@id\":\"https:\/\/campingorleans.com\/en\/contact\/\",\"url\":\"https:\/\/campingorleans.com\/en\/contact\/\",\"name\":\"Contact - Camping Orl\u00e9ans\",\"isPartOf\":{\"@id\":\"https:\/\/campingorleans.com\/en\/#website\"},\"primaryImageOfPage\":{\"@id\":\"https:\/\/campingorleans.com\/en\/contact\/#primaryimage\"},\"image\":{\"@id\":\"https:\/\/campingorleans.com\/en\/contact\/#primaryimage\"},\"thumbnailUrl\":\"https:\/\/campingorleans.com\/app\/uploads\/2021\/04\/camping-orleans-contact.jpg\",\"datePublished\":\"2021-04-12T13:24:27+00:00\",\"dateModified\":\"2024-03-13T03:10:37+00:00\",\"breadcrumb\":{\"@id\":\"https:\/\/campingorleans.com\/en\/contact\/#breadcrumb\"},\"inLanguage\":\"en-US\",\"potentialAction\":[{\"@type\":\"ReadAction\",\"target\":[\"https:\/\/campingorleans.com\/en\/contact\/\"]}]},{\"@type\":\"ImageObject\",\"inLanguage\":\"en-US\",\"@id\":\"https:\/\/campingorleans.com\/en\/contact\/#primaryimage\",\"url\":\"https:\/\/campingorleans.com\/app\/uploads\/2021\/04\/camping-orleans-contact.jpg\",\"contentUrl\":\"https:\/\/campingorleans.com\/app\/uploads\/2021\/04\/camping-orleans-contact.jpg\"},{\"@type\":\"BreadcrumbList\",\"@id\":\"https:\/\/campingorleans.com\/en\/contact\/#breadcrumb\",\"itemListElement\":[{\"@type\":\"ListItem\",\"position\":1,\"name\":\"Accueil\",\"item\":\"https:\/\/campingorleans.com\/en\/\"},{\"@type\":\"ListItem\",\"position\":2,\"name\":\"Contact\"}]},{\"@type\":\"WebSite\",\"@id\":\"https:\/\/campingorleans.com\/en\/#website\",\"url\":\"https:\/\/campingorleans.com\/en\/\",\"name\":\"Camping Orl\u00e9ans\",\"description\":\"\u00cele d&#039;Orl\u00e9ans | Qu\u00e9bec\",\"publisher\":{\"@id\":\"https:\/\/campingorleans.com\/en\/#organization\"},\"potentialAction\":[{\"@type\":\"SearchAction\",\"target\":{\"@type\":\"EntryPoint\",\"urlTemplate\":\"https:\/\/campingorleans.com\/en\/?s={search_term_string}\"},\"query-input\":\"required name=search_term_string\"}],\"inLanguage\":\"en-US\"},{\"@type\":\"Organization\",\"@id\":\"https:\/\/campingorleans.com\/en\/#organization\",\"name\":\"Camping Orl\u00e9ans\",\"url\":\"https:\/\/campingorleans.com\/en\/\",\"logo\":{\"@type\":\"ImageObject\",\"inLanguage\":\"en-US\",\"@id\":\"https:\/\/campingorleans.com\/en\/#\/schema\/logo\/image\/\",\"url\":\"https:\/\/campingorleans.com\/app\/uploads\/2021\/04\/icon-camping-orleans.svg\",\"contentUrl\":\"https:\/\/campingorleans.com\/app\/uploads\/2021\/04\/icon-camping-orleans.svg\",\"width\":67,\"height\":67,\"caption\":\"Camping Orl\u00e9ans\"},\"image\":{\"@id\":\"https:\/\/campingorleans.com\/en\/#\/schema\/logo\/image\/\"},\"sameAs\":[\"https:\/\/www.facebook.com\/campingorleans\",\"https:\/\/www.instagram.com\/campingorleans\/\"]}]}<\/script>\n<!-- \/ Yoast SEO plugin. -->","yoast_head_json":{"title":"Contact - Camping Orl\u00e9ans","robots":{"index":"index","follow":"follow","max-snippet":"max-snippet:-1","max-image-preview":"max-image-preview:large","max-video-preview":"max-video-preview:-1"},"canonical":"https:\/\/campingorleans.com\/en\/contact\/","og_locale":"en_US","og_type":"article","og_title":"Contact - Camping Orl\u00e9ans","og_description":"Camping Orl\u00e9ans3547, chemin RoyalSaint-Fran\u00e7ois-de-l\u2019\u00eele-d\u2019Orl\u00e9ans,Qu\u00e9bec G0A 3S0 GPS AddressLatitude (North) 46\u00b0 99&#8242;Longitude (West) -70\u00b0 81&#8242; Phone: 1-418-829-2953Toll Free: 1-888-829-2953Fax: 1-418-829-2563 info@campingorleans.com","og_url":"https:\/\/campingorleans.com\/en\/contact\/","og_site_name":"Camping Orl\u00e9ans","article_publisher":"https:\/\/www.facebook.com\/campingorleans","article_modified_time":"2024-03-13T03:10:37+00:00","og_image":[{"url":"https:\/\/campingorleans.com\/app\/uploads\/2021\/04\/camping-orleans-contact.jpg"}],"twitter_card":"summary_large_image","twitter_misc":{"Est. reading time":"1 minute"},"schema":{"@context":"https:\/\/schema.org","@graph":[{"@type":"WebPage","@id":"https:\/\/campingorleans.com\/en\/contact\/","url":"https:\/\/campingorleans.com\/en\/contact\/","name":"Contact - Camping Orl\u00e9ans","isPartOf":{"@id":"https:\/\/campingorleans.com\/en\/#website"},"primaryImageOfPage":{"@id":"https:\/\/campingorleans.com\/en\/contact\/#primaryimage"},"image":{"@id":"https:\/\/campingorleans.com\/en\/contact\/#primaryimage"},"thumbnailUrl":"https:\/\/campingorleans.com\/app\/uploads\/2021\/04\/camping-orleans-contact.jpg","datePublished":"2021-04-12T13:24:27+00:00","dateModified":"2024-03-13T03:10:37+00:00","breadcrumb":{"@id":"https:\/\/campingorleans.com\/en\/contact\/#breadcrumb"},"inLanguage":"en-US","potentialAction":[{"@type":"ReadAction","target":["https:\/\/campingorleans.com\/en\/contact\/"]}]},{"@type":"ImageObject","inLanguage":"en-US","@id":"https:\/\/campingorleans.com\/en\/contact\/#primaryimage","url":"https:\/\/campingorleans.com\/app\/uploads\/2021\/04\/camping-orleans-contact.jpg","contentUrl":"https:\/\/campingorleans.com\/app\/uploads\/2021\/04\/camping-orleans-contact.jpg"},{"@type":"BreadcrumbList","@id":"https:\/\/campingorleans.com\/en\/contact\/#breadcrumb","itemListElement":[{"@type":"ListItem","position":1,"name":"Accueil","item":"https:\/\/campingorleans.com\/en\/"},{"@type":"ListItem","position":2,"name":"Contact"}]},{"@type":"WebSite","@id":"https:\/\/campingorleans.com\/en\/#website","url":"https:\/\/campingorleans.com\/en\/","name":"Camping Orl\u00e9ans","description":"\u00cele d&#039;Orl\u00e9ans | Qu\u00e9bec","publisher":{"@id":"https:\/\/campingorleans.com\/en\/#organization"},"potentialAction":[{"@type":"SearchAction","target":{"@type":"EntryPoint","urlTemplate":"https:\/\/campingorleans.com\/en\/?s={search_term_string}"},"query-input":"required name=search_term_string"}],"inLanguage":"en-US"},{"@type":"Organization","@id":"https:\/\/campingorleans.com\/en\/#organization","name":"Camping Orl\u00e9ans","url":"https:\/\/campingorleans.com\/en\/","logo":{"@type":"ImageObject","inLanguage":"en-US","@id":"https:\/\/campingorleans.com\/en\/#\/schema\/logo\/image\/","url":"https:\/\/campingorleans.com\/app\/uploads\/2021\/04\/icon-camping-orleans.svg","contentUrl":"https:\/\/campingorleans.com\/app\/uploads\/2021\/04\/icon-camping-orleans.svg","width":67,"height":67,"caption":"Camping Orl\u00e9ans"},"image":{"@id":"https:\/\/campingorleans.com\/en\/#\/schema\/logo\/image\/"},"sameAs":["https:\/\/www.facebook.com\/campingorleans","https:\/\/www.instagram.com\/campingorleans\/"]}]}},"_links":{"self":[{"href":"https:\/\/campingorleans.com\/en\/wp-json\/wp\/v2\/pages\/543","targetHints":{"allow":["GET"]}}],"collection":[{"href":"https:\/\/campingorleans.com\/en\/wp-json\/wp\/v2\/pages"}],"about":[{"href":"https:\/\/campingorleans.com\/en\/wp-json\/wp\/v2\/types\/page"}],"author":[{"embeddable":true,"href":"https:\/\/campingorleans.com\/en\/wp-json\/wp\/v2\/users\/1"}],"replies":[{"embeddable":true,"href":"https:\/\/campingorleans.com\/en\/wp-json\/wp\/v2\/comments?post=543"}],"version-history":[{"count":8,"href":"https:\/\/campingorleans.com\/en\/wp-json\/wp\/v2\/pages\/543\/revisions"}],"predecessor-version":[{"id":1006,"href":"https:\/\/campingorleans.com\/en\/wp-json\/wp\/v2\/pages\/543\/revisions\/1006"}],"wp:attachment":[{"href":"https:\/\/campingorleans.com\/en\/wp-json\/wp\/v2\/media?parent=543"}],"curies":[{"name":"wp","href":"https:\/\/api.w.org\/{rel}","templated":true}]}}