{"id":539,"date":"2021-04-12T13:24:19","date_gmt":"2021-04-12T13:24:19","guid":{"rendered":"https:\/\/campingorleans.com\/distinctions\/"},"modified":"2025-12-24T03:40:14","modified_gmt":"2025-12-24T03:40:14","slug":"awards","status":"publish","type":"page","link":"https:\/\/campingorleans.com\/en\/awards\/","title":{"rendered":"Awards"},"content":{"rendered":"\n<div class=\"wp-block-cover alignfull has-background-dim-20 has-black-background-color has-background-dim hero\"><img loading=\"lazy\" decoding=\"async\" width=\"2048\" height=\"1150\" class=\"wp-block-cover__image-background wp-image-226\" alt=\"\" src=\"https:\/\/campingorleans.com\/app\/uploads\/2021\/04\/camping-orleans-distinctions.jpg\" style=\"object-position:45% 0%\" data-object-fit=\"cover\" data-object-position=\"45% 0%\" srcset=\"https:\/\/campingorleans.com\/app\/uploads\/2021\/04\/camping-orleans-distinctions.jpg 2048w, https:\/\/campingorleans.com\/app\/uploads\/2021\/04\/camping-orleans-distinctions-600x337.jpg 600w, https:\/\/campingorleans.com\/app\/uploads\/2021\/04\/camping-orleans-distinctions-800x449.jpg 800w, https:\/\/campingorleans.com\/app\/uploads\/2021\/04\/camping-orleans-distinctions-1024x575.jpg 1024w, https:\/\/campingorleans.com\/app\/uploads\/2021\/04\/camping-orleans-distinctions-768x431.jpg 768w, https:\/\/campingorleans.com\/app\/uploads\/2021\/04\/camping-orleans-distinctions-1536x863.jpg 1536w\" sizes=\"auto, (max-width: 2048px) 100vw, 2048px\" \/><div class=\"wp-block-cover__inner-container is-layout-flow wp-block-cover-is-layout-flow\">\n<h1 class=\"has-text-align-center wp-block-heading\">Awards<\/h1>\n<\/div><\/div>\n\n\n\n<div class=\"wp-block-group\"><div class=\"wp-block-group__inner-container is-layout-flow wp-block-group-is-layout-flow\">\n<p class=\"paragraph has-20-font-size\">Through many years, Camping Orl\u00e9ans has won many prestigious prizes :<\/p>\n\n\n\n<div style=\"height:30px\" aria-hidden=\"true\" class=\"wp-block-spacer\"><\/div>\n\n\n\n<ul class=\"list\" class=\"wp-block-list\"><li>2006, Finalist of the Camping Qu\u00e9bec\u2019s Excellence\u2019 Prizes \u00abCategory Marketing\u00bb;<\/li><li>2017, Christina Blouin from Camping Orl\u00e9ans is finalist for \u00abEmployee of the Year\u00bb at Camping Qu\u00e9bec&#8217;s Awards of Excellence;<\/li><li>2016, the owner of Camping Orl\u00e9ans, Natasha Bouchard, is finalist for the \u00abBusiness woman of the year\u00bb in province of Qu\u00e9bec;<\/li><li>2015, Camping Orleans win the prestigious title of \u00abSmall or Medium-sized&nbsp;<strong>Business of the year<\/strong>\u00bb by the&nbsp;<a href=\"http:\/\/tiac.travel\/index.html\" target=\"_blank\" rel=\"noreferrer noopener\">Tourism Industry Association of Canada<\/a>;<\/li><li>2015, Tribute to Jean-Claude St-Amant, previous owner of Camping Orl\u00e9ans, for his achievement in the Industry;<\/li><li>2015, Classified in the Top&nbsp;<strong>200&nbsp;<\/strong>of the best campgrounds in North America among 12 000 establishments &#8211; by Trailer Life Directory;<\/li><li>2014, Classified in the Top 300 of the best campgrounds in North America among 12 000 establishments &#8211; by Trailer Life Directory;<\/li><li>2013, Classified in the Top 300 of the best campgrounds in North America among 12 000 establishments &#8211; by Trailer Life Directory;<\/li><li>2012, Classified in the Top 300 of the best campgrounds in North America among 12 000 establishments &#8211; by Trailer Life Directory;<\/li><li>2011, The Orleans&#8217;Pride Prize &#8211; Generational Take over Category &#8211; given to Natasha Bouchard, owner of Camping Orl\u00e9ans<\/li><li>2011, Laureate of the \u00abCoup de coeur\u00bb Prize &#8211; awarded by the Chamber of commerce of Orleans Island;<\/li><li>2009, Regional and National laureate Gold &#8211; at the Grand Prizes of Quebec Tourism;<\/li><li>2009, Camping Qu\u00e9bec Awards of Excellence &#8211; Current Investors;<\/li><li>2008, Special Mention in the category \u00abCommunity building\u00bb &#8211; at the Island\u2019 Prizes;<\/li><li>2007, Regional laureate &#8211; at the Grand Prizes of Quebec Tourism;<\/li><li>2007, National laureate Gold &#8211; at the Grand Prizes of Quebec Tourism;<\/li><li>2007, Special mention in the category \u00abBest Marketing Campaign on line\u00bb &#8211; at the Grand Prizes of Quebec Tourism;<\/li><li>2006, Laureate of the Camping Qu\u00e9bec\u2019s Excellence\u2019 Prizes \u00abMarketing \u2013 Best Website\u00bb;<\/li><li>2005, Regional laureate &#8211; at the Grand Prizes of Quebec Tourism;<\/li><li>2005, National laureate Silver &#8211; at the Grand Prizes of Quebec Tourism;<\/li><li>2004, Regional laureate &#8211; at the Grand Prizes of Quebec Tourism;<\/li><li>2004, National laureate Silver- at the Grand Prizes of Quebec Tourism;<\/li><li>2002, Regional laureate &#8211; at the Grand Prizes of Quebec Tourism;<\/li><li>2002, National laureate Gold &#8211; at the Grand Prizes of Quebec Tourism;<\/li><li>2001, Laureate of the Camping Qu\u00e9bec\u2019s &#8211; Excellence\u2019Prizes \u00abCampground of the year\u00bb Gold.<\/li><\/ul>\n\n\n\n<div style=\"height:100px\" aria-hidden=\"true\" class=\"wp-block-spacer\"><\/div>\n<\/div><\/div>\n\n\n\n<div class=\"wp-block-group alignfull has-white-color has-secondary-background-color has-text-color has-background\" style=\"padding-top:50px;padding-bottom:50px\"><div class=\"wp-block-group__inner-container is-layout-flow wp-block-group-is-layout-flow\">\n<h2 class=\"wp-block-heading has-text-align-center\">Book now.<\/h2>\n\n\n\n<div style=\"height:30px\" aria-hidden=\"true\" class=\"wp-block-spacer\"><\/div>\n\n\n\n<div class=\"wp-block-buttons is-horizontal is-content-justification-center is-layout-flex wp-container-core-buttons-is-layout-499968f5 wp-block-buttons-is-layout-flex\">\n<div class=\"wp-block-button\"><a class=\"wp-block-button__link has-primary-color has-white-background-color has-text-color has-background wp-element-button\" href=\"https:\/\/secure.reservationcamping.ca\/cgi-bin\/reservation.cgi?camping_id=7f368c389020ea0019c33c0ef0&amp;ar=1\" target=\"_blank\" rel=\"noreferrer noopener\">Book<\/a><\/div>\n<\/div>\n<\/div><\/div>\n","protected":false},"excerpt":{"rendered":"<p>Through many years, Camping Orl\u00e9ans has won many prestigious prizes : 2006, Finalist of the Camping Qu\u00e9bec\u2019s Excellence\u2019 Prizes \u00abCategory Marketing\u00bb; 2017, Christina Blouin from Camping Orl\u00e9ans is finalist for \u00abEmployee of the Year\u00bb at Camping Qu\u00e9bec&#8217;s Awards of Excellence; 2016, the owner of Camping Orl\u00e9ans, Natasha Bouchard, is finalist for the \u00abBusiness woman of &hellip; <a href=\"https:\/\/campingorleans.com\/en\/awards\/\">Continued<\/a><\/p>\n","protected":false},"author":1,"featured_media":0,"parent":0,"menu_order":0,"comment_status":"closed","ping_status":"closed","template":"","meta":{"_acf_changed":false,"footnotes":""},"class_list":["post-539","page","type-page","status-publish","hentry"],"acf":[],"yoast_head":"<!-- This site is optimized with the Yoast SEO plugin v22.6 - https:\/\/yoast.com\/wordpress\/plugins\/seo\/ -->\n<title>Awards - Camping Orl\u00e9ans<\/title>\n<meta name=\"robots\" content=\"index, follow, max-snippet:-1, max-image-preview:large, max-video-preview:-1\" \/>\n<link rel=\"canonical\" href=\"https:\/\/campingorleans.com\/en\/awards\/\" \/>\n<meta property=\"og:locale\" content=\"en_US\" \/>\n<meta property=\"og:type\" content=\"article\" \/>\n<meta property=\"og:title\" content=\"Awards - Camping Orl\u00e9ans\" \/>\n<meta property=\"og:description\" content=\"Through many years, Camping Orl\u00e9ans has won many prestigious prizes : 2006, Finalist of the Camping Qu\u00e9bec\u2019s Excellence\u2019 Prizes \u00abCategory Marketing\u00bb; 2017, Christina Blouin from Camping Orl\u00e9ans is finalist for \u00abEmployee of the Year\u00bb at Camping Qu\u00e9bec&#8217;s Awards of Excellence; 2016, the owner of Camping Orl\u00e9ans, Natasha Bouchard, is finalist for the \u00abBusiness woman of &hellip; Continued\" \/>\n<meta property=\"og:url\" content=\"https:\/\/campingorleans.com\/en\/awards\/\" \/>\n<meta property=\"og:site_name\" content=\"Camping Orl\u00e9ans\" \/>\n<meta property=\"article:publisher\" content=\"https:\/\/www.facebook.com\/campingorleans\" \/>\n<meta property=\"article:modified_time\" content=\"2025-12-24T03:40:14+00:00\" \/>\n<meta property=\"og:image\" content=\"https:\/\/campingorleans.com\/app\/uploads\/2021\/04\/camping-orleans-distinctions.jpg\" \/>\n<meta name=\"twitter:card\" content=\"summary_large_image\" \/>\n<meta name=\"twitter:label1\" content=\"Est. reading time\" \/>\n\t<meta name=\"twitter:data1\" content=\"1 minute\" \/>\n<script type=\"application\/ld+json\" class=\"yoast-schema-graph\">{\"@context\":\"https:\/\/schema.org\",\"@graph\":[{\"@type\":\"WebPage\",\"@id\":\"https:\/\/campingorleans.com\/en\/awards\/\",\"url\":\"https:\/\/campingorleans.com\/en\/awards\/\",\"name\":\"Awards - Camping Orl\u00e9ans\",\"isPartOf\":{\"@id\":\"https:\/\/campingorleans.com\/en\/#website\"},\"primaryImageOfPage\":{\"@id\":\"https:\/\/campingorleans.com\/en\/awards\/#primaryimage\"},\"image\":{\"@id\":\"https:\/\/campingorleans.com\/en\/awards\/#primaryimage\"},\"thumbnailUrl\":\"https:\/\/campingorleans.com\/app\/uploads\/2021\/04\/camping-orleans-distinctions.jpg\",\"datePublished\":\"2021-04-12T13:24:19+00:00\",\"dateModified\":\"2025-12-24T03:40:14+00:00\",\"breadcrumb\":{\"@id\":\"https:\/\/campingorleans.com\/en\/awards\/#breadcrumb\"},\"inLanguage\":\"en-US\",\"potentialAction\":[{\"@type\":\"ReadAction\",\"target\":[\"https:\/\/campingorleans.com\/en\/awards\/\"]}]},{\"@type\":\"ImageObject\",\"inLanguage\":\"en-US\",\"@id\":\"https:\/\/campingorleans.com\/en\/awards\/#primaryimage\",\"url\":\"https:\/\/campingorleans.com\/app\/uploads\/2021\/04\/camping-orleans-distinctions.jpg\",\"contentUrl\":\"https:\/\/campingorleans.com\/app\/uploads\/2021\/04\/camping-orleans-distinctions.jpg\"},{\"@type\":\"BreadcrumbList\",\"@id\":\"https:\/\/campingorleans.com\/en\/awards\/#breadcrumb\",\"itemListElement\":[{\"@type\":\"ListItem\",\"position\":1,\"name\":\"Accueil\",\"item\":\"https:\/\/campingorleans.com\/en\/\"},{\"@type\":\"ListItem\",\"position\":2,\"name\":\"Awards\"}]},{\"@type\":\"WebSite\",\"@id\":\"https:\/\/campingorleans.com\/en\/#website\",\"url\":\"https:\/\/campingorleans.com\/en\/\",\"name\":\"Camping Orl\u00e9ans\",\"description\":\"\u00cele d&#039;Orl\u00e9ans | Qu\u00e9bec\",\"publisher\":{\"@id\":\"https:\/\/campingorleans.com\/en\/#organization\"},\"potentialAction\":[{\"@type\":\"SearchAction\",\"target\":{\"@type\":\"EntryPoint\",\"urlTemplate\":\"https:\/\/campingorleans.com\/en\/?s={search_term_string}\"},\"query-input\":\"required name=search_term_string\"}],\"inLanguage\":\"en-US\"},{\"@type\":\"Organization\",\"@id\":\"https:\/\/campingorleans.com\/en\/#organization\",\"name\":\"Camping Orl\u00e9ans\",\"url\":\"https:\/\/campingorleans.com\/en\/\",\"logo\":{\"@type\":\"ImageObject\",\"inLanguage\":\"en-US\",\"@id\":\"https:\/\/campingorleans.com\/en\/#\/schema\/logo\/image\/\",\"url\":\"https:\/\/campingorleans.com\/app\/uploads\/2021\/04\/icon-camping-orleans.svg\",\"contentUrl\":\"https:\/\/campingorleans.com\/app\/uploads\/2021\/04\/icon-camping-orleans.svg\",\"width\":67,\"height\":67,\"caption\":\"Camping Orl\u00e9ans\"},\"image\":{\"@id\":\"https:\/\/campingorleans.com\/en\/#\/schema\/logo\/image\/\"},\"sameAs\":[\"https:\/\/www.facebook.com\/campingorleans\",\"https:\/\/www.instagram.com\/campingorleans\/\"]}]}<\/script>\n<!-- \/ Yoast SEO plugin. -->","yoast_head_json":{"title":"Awards - Camping Orl\u00e9ans","robots":{"index":"index","follow":"follow","max-snippet":"max-snippet:-1","max-image-preview":"max-image-preview:large","max-video-preview":"max-video-preview:-1"},"canonical":"https:\/\/campingorleans.com\/en\/awards\/","og_locale":"en_US","og_type":"article","og_title":"Awards - Camping Orl\u00e9ans","og_description":"Through many years, Camping Orl\u00e9ans has won many prestigious prizes : 2006, Finalist of the Camping Qu\u00e9bec\u2019s Excellence\u2019 Prizes \u00abCategory Marketing\u00bb; 2017, Christina Blouin from Camping Orl\u00e9ans is finalist for \u00abEmployee of the Year\u00bb at Camping Qu\u00e9bec&#8217;s Awards of Excellence; 2016, the owner of Camping Orl\u00e9ans, Natasha Bouchard, is finalist for the \u00abBusiness woman of &hellip; Continued","og_url":"https:\/\/campingorleans.com\/en\/awards\/","og_site_name":"Camping Orl\u00e9ans","article_publisher":"https:\/\/www.facebook.com\/campingorleans","article_modified_time":"2025-12-24T03:40:14+00:00","og_image":[{"url":"https:\/\/campingorleans.com\/app\/uploads\/2021\/04\/camping-orleans-distinctions.jpg"}],"twitter_card":"summary_large_image","twitter_misc":{"Est. reading time":"1 minute"},"schema":{"@context":"https:\/\/schema.org","@graph":[{"@type":"WebPage","@id":"https:\/\/campingorleans.com\/en\/awards\/","url":"https:\/\/campingorleans.com\/en\/awards\/","name":"Awards - Camping Orl\u00e9ans","isPartOf":{"@id":"https:\/\/campingorleans.com\/en\/#website"},"primaryImageOfPage":{"@id":"https:\/\/campingorleans.com\/en\/awards\/#primaryimage"},"image":{"@id":"https:\/\/campingorleans.com\/en\/awards\/#primaryimage"},"thumbnailUrl":"https:\/\/campingorleans.com\/app\/uploads\/2021\/04\/camping-orleans-distinctions.jpg","datePublished":"2021-04-12T13:24:19+00:00","dateModified":"2025-12-24T03:40:14+00:00","breadcrumb":{"@id":"https:\/\/campingorleans.com\/en\/awards\/#breadcrumb"},"inLanguage":"en-US","potentialAction":[{"@type":"ReadAction","target":["https:\/\/campingorleans.com\/en\/awards\/"]}]},{"@type":"ImageObject","inLanguage":"en-US","@id":"https:\/\/campingorleans.com\/en\/awards\/#primaryimage","url":"https:\/\/campingorleans.com\/app\/uploads\/2021\/04\/camping-orleans-distinctions.jpg","contentUrl":"https:\/\/campingorleans.com\/app\/uploads\/2021\/04\/camping-orleans-distinctions.jpg"},{"@type":"BreadcrumbList","@id":"https:\/\/campingorleans.com\/en\/awards\/#breadcrumb","itemListElement":[{"@type":"ListItem","position":1,"name":"Accueil","item":"https:\/\/campingorleans.com\/en\/"},{"@type":"ListItem","position":2,"name":"Awards"}]},{"@type":"WebSite","@id":"https:\/\/campingorleans.com\/en\/#website","url":"https:\/\/campingorleans.com\/en\/","name":"Camping Orl\u00e9ans","description":"\u00cele d&#039;Orl\u00e9ans | Qu\u00e9bec","publisher":{"@id":"https:\/\/campingorleans.com\/en\/#organization"},"potentialAction":[{"@type":"SearchAction","target":{"@type":"EntryPoint","urlTemplate":"https:\/\/campingorleans.com\/en\/?s={search_term_string}"},"query-input":"required name=search_term_string"}],"inLanguage":"en-US"},{"@type":"Organization","@id":"https:\/\/campingorleans.com\/en\/#organization","name":"Camping Orl\u00e9ans","url":"https:\/\/campingorleans.com\/en\/","logo":{"@type":"ImageObject","inLanguage":"en-US","@id":"https:\/\/campingorleans.com\/en\/#\/schema\/logo\/image\/","url":"https:\/\/campingorleans.com\/app\/uploads\/2021\/04\/icon-camping-orleans.svg","contentUrl":"https:\/\/campingorleans.com\/app\/uploads\/2021\/04\/icon-camping-orleans.svg","width":67,"height":67,"caption":"Camping Orl\u00e9ans"},"image":{"@id":"https:\/\/campingorleans.com\/en\/#\/schema\/logo\/image\/"},"sameAs":["https:\/\/www.facebook.com\/campingorleans","https:\/\/www.instagram.com\/campingorleans\/"]}]}},"_links":{"self":[{"href":"https:\/\/campingorleans.com\/en\/wp-json\/wp\/v2\/pages\/539","targetHints":{"allow":["GET"]}}],"collection":[{"href":"https:\/\/campingorleans.com\/en\/wp-json\/wp\/v2\/pages"}],"about":[{"href":"https:\/\/campingorleans.com\/en\/wp-json\/wp\/v2\/types\/page"}],"author":[{"embeddable":true,"href":"https:\/\/campingorleans.com\/en\/wp-json\/wp\/v2\/users\/1"}],"replies":[{"embeddable":true,"href":"https:\/\/campingorleans.com\/en\/wp-json\/wp\/v2\/comments?post=539"}],"version-history":[{"count":5,"href":"https:\/\/campingorleans.com\/en\/wp-json\/wp\/v2\/pages\/539\/revisions"}],"predecessor-version":[{"id":788,"href":"https:\/\/campingorleans.com\/en\/wp-json\/wp\/v2\/pages\/539\/revisions\/788"}],"wp:attachment":[{"href":"https:\/\/campingorleans.com\/en\/wp-json\/wp\/v2\/media?parent=539"}],"curies":[{"name":"wp","href":"https:\/\/api.w.org\/{rel}","templated":true}]}}