{"id":530,"date":"2021-04-12T13:22:22","date_gmt":"2021-04-12T13:22:22","guid":{"rendered":"https:\/\/campingorleans.com\/informations\/"},"modified":"2024-07-13T23:51:09","modified_gmt":"2024-07-13T23:51:09","slug":"informations","status":"publish","type":"page","link":"https:\/\/campingorleans.com\/en\/informations\/","title":{"rendered":"Informations"},"content":{"rendered":"\n<div class=\"wp-block-cover alignfull is-light hero\"><span aria-hidden=\"true\" class=\"wp-block-cover__background has-background-dim-20 has-background-dim\"><\/span><img loading=\"lazy\" decoding=\"async\" width=\"2560\" height=\"1554\" class=\"wp-block-cover__image-background wp-image-769\" alt=\"\" src=\"https:\/\/campingorleans.com\/app\/uploads\/2021\/05\/camping-orleans-informations-scaled.jpg\" style=\"object-position:50% 50%\" data-object-fit=\"cover\" data-object-position=\"50% 50%\" srcset=\"https:\/\/campingorleans.com\/app\/uploads\/2021\/05\/camping-orleans-informations-scaled.jpg 2560w, https:\/\/campingorleans.com\/app\/uploads\/2021\/05\/camping-orleans-informations-scaled-600x364.jpg 600w, https:\/\/campingorleans.com\/app\/uploads\/2021\/05\/camping-orleans-informations-800x486.jpg 800w, https:\/\/campingorleans.com\/app\/uploads\/2021\/05\/camping-orleans-informations-1024x622.jpg 1024w, https:\/\/campingorleans.com\/app\/uploads\/2021\/05\/camping-orleans-informations-768x466.jpg 768w, https:\/\/campingorleans.com\/app\/uploads\/2021\/05\/camping-orleans-informations-1536x932.jpg 1536w, https:\/\/campingorleans.com\/app\/uploads\/2021\/05\/camping-orleans-informations-2048x1243.jpg 2048w\" sizes=\"auto, (max-width: 2560px) 100vw, 2560px\" \/><div class=\"wp-block-cover__inner-container is-layout-flow wp-block-cover-is-layout-flow\">\n<h1 class=\"wp-block-heading has-text-align-center\">Informations<\/h1>\n<\/div><\/div>\n\n\n\n<div class=\"wp-block-group\"><div class=\"wp-block-group__inner-container is-layout-flow wp-block-group-is-layout-flow\">\n<p class=\"paragraph has-20-font-size\">The campground opens on May 21st 2021 and closes on October 11th, 2021.<\/p>\n\n\n\n<div style=\"height:30px\" aria-hidden=\"true\" class=\"wp-block-spacer\"><\/div>\n\n\n\n<ul class=\"list\" class=\"wp-block-list\">\n<li>It is about\u00a030 kilometres (20 miles) between the entrance of \u00cele d\u2019Orl\u00e9ans and our campground. The distance is the same if you come by the north or the south shore.<\/li>\n\n\n\n<li>You will see\u00a0<strong>only one service station<\/strong>\u00a0once you have crossed the bridge and\u00a0<a href=\"https:\/\/www.google.ca\/maps\/place\/Petro-Canada\/@46.8741334,-71.0999741,17z\/data=!3m1!4b1!4m5!3m4!1s0x4cb9279aaaaaaaab:0x9675a0b358747124!8m2!3d46.8741334!4d-71.0977854?hl=fr\" target=\"_blank\" rel=\"noreferrer noopener\">entered the village<\/a>\u00a0of St-Pierre. Check your gauge, as there are none afterwards.<\/li>\n\n\n\n<li>There is no shop that sells propane on the island. If in need, the campground could help you without a fee.<\/li>\n\n\n\n<li>Access to our showers cost 1.00 $ (no quarters) and lasts 8 minutes.<\/li>\n\n\n\n<li>Following the law, our pool is always supervised by qualified lifeguards. That is why we usually open it around June 24th.\u00a0<\/li>\n\n\n\n<li>We offer wireless internet everywhere on the campground. We will provide three free codes per day usable on three devices. If you need additional codes for more devices, the cost is 5.00$ per day per code.<\/li>\n\n\n\n<li>Pets are allowed.\u00a0<strong>No<\/strong>\u00a0pets can be left alone in an equipment or on a campground and must be kept in leash at all times.<\/li>\n\n\n\n<li>You will profit from a large variety of restaurants on the Island -from fine dining to regional specialties- including an inn and a\u00a0<a href=\"https:\/\/www.facebook.com\/Resto-Du-Sud-599514396878604\/\" target=\"_blank\" rel=\"noreferrer noopener\">small diner<\/a>\u00a0within a range of one kilometre. We also offer you a convenience store right on the campground!<\/li>\n\n\n\n<li>The St-Fran\u00e7ois dock, neighbour to our campground, includes an access to the river for your boat, kayak or canoe. Please note that we do not rent any such equipment.\u00a0<\/li>\n\n\n\n<li>A fishing permit is not required to fish from the dock. Your patience may be rewarded \u2026 maybe. We sell worms at our convenience store.<\/li>\n\n\n\n<li>At low tide, an easy walk on the shore will take you right to the tip of the island. The view is breathtaking! The campground office will inform you on the tide schedules.<\/li>\n\n\n\n<li>You need more information on the other attractions on Orleans island or on Quebec City ? Our people at the reception desk will be happy to fill your needs. We make it our duty to have on hand a large variety of pamphlets and free touring guides. You can also have a look at the menus from the island\u2019s restaurants or check the daily weather forecasts. Our public hall offers information on dozens of species of birds that \u00abcamp\u00bb with us. You will also find complete details on the\u00a0<a href=\"http:\/\/www.portquebec.ca\/en\/cruises\/vessel-schedules\/seasonal-schedule\" target=\"_blank\" rel=\"noreferrer noopener\">liners that are scheduled\u00a0<\/a>to pass right under your nose this coming season. Having some trouble? It will be our pleasure to refer you to the closest garage, hardware store, drug store, medical centre, grocery store, etc.<\/li>\n\n\n\n<li>Finally, don&#8217;t forget that if you want the best sections of the campgroung, like those along the river, full hookups or Premium sites, you need to reserve at least two or three years in advance.<\/li>\n<\/ul>\n<\/div><\/div>\n\n\n\n<div style=\"height:100px\" aria-hidden=\"true\" class=\"wp-block-spacer\"><\/div>\n\n\n\n<div class=\"wp-block-media-text alignfull is-stacked-on-mobile is-vertically-aligned-top is-style-border has-white-color has-blue-background-color has-text-color has-background\"><figure class=\"wp-block-media-text__media\"><img loading=\"lazy\" decoding=\"async\" width=\"614\" height=\"600\" src=\"https:\/\/campingorleans.com\/app\/uploads\/2021\/04\/photo-informations.jpg\" alt=\"\" class=\"wp-image-406 size-full\" srcset=\"https:\/\/campingorleans.com\/app\/uploads\/2021\/04\/photo-informations.jpg 614w, https:\/\/campingorleans.com\/app\/uploads\/2021\/04\/photo-informations-600x586.jpg 600w\" sizes=\"auto, (max-width: 614px) 100vw, 614px\" \/><\/figure><div class=\"wp-block-media-text__content\">\n\n<div style=\"height:30px\" aria-hidden=\"true\" class=\"wp-block-spacer\"><\/div>\n\n\n<h2 class=\"wp-block-heading\">Useful links<\/h2>\n\n\n<div style=\"height:10px\" aria-hidden=\"true\" class=\"wp-block-spacer\"><\/div>\n\n\n<p class=\"paragraph\" style=\"line-height:2\"><a href=\"http:\/\/tourisme.iledorleans.com\/membre\/camping-orleans\/\" target=\"_blank\" rel=\"noreferrer noopener\">Tourism \u00cele d&#8217;Orl\u00e9ans<\/a><br><a href=\"http:\/\/www.msfio.ca\/\" target=\"_blank\" rel=\"noreferrer noopener\">City of Saint-Fran\u00e7ois-de-l&#8217;\u00eele-d&#8217;Orl\u00e9ans<\/a><br><a href=\"http:\/\/www.campingquebec.com\/quebec\/camping-orleans.html\" target=\"_blank\" rel=\"noreferrer noopener\">Camping Qu\u00e9bec<\/a><br><a href=\"http:\/\/www.quebecregion.com\/fr\" target=\"_blank\" rel=\"noreferrer noopener\">Qu\u00e9bec City Tourism<\/a><br><a href=\"http:\/\/cciledorleans.com\/\" target=\"_blank\" rel=\"noreferrer noopener\">Ile d&#8217;Orl\u00e9ans Chamber of commerce<\/a><br><a href=\"http:\/\/www.bonjourquebec.com\/\" target=\"_blank\" rel=\"noreferrer noopener\">Tourisme Qu\u00e9bec (Official Governmental Site)<\/a><br><a href=\"http:\/\/www.portquebec.ca\/croisieres\/horaire-des-navires\/horaire-saisonnier\" target=\"_blank\" rel=\"noreferrer noopener\">Port of Qu\u00e9bec (Cruiseships schedule)<\/a><br><a href=\"http:\/\/www.sepaq.com\/\" target=\"_blank\" rel=\"noreferrer noopener\">SEPAQ<\/a><br><a href=\"http:\/\/www.ccg-gcc.gc.ca\/fra\/GCC\/Accueil\" target=\"_blank\" rel=\"noreferrer noopener\">Canadian Coast Guard<\/a><br><a href=\"http:\/\/www.suretequebec.gouv.qc.ca\/poste-mrc-de-l-ile-d-orleans\/\" target=\"_blank\" rel=\"noreferrer noopener\">S\u00fbret\u00e9 du Qu\u00e9bec &#8211; Orleans&#8217;Island Post<\/a><br><a href=\"http:\/\/www.familiprix.com\/orleans\" target=\"_blank\" rel=\"noreferrer noopener\">Pierre Perrault Orleans&#8217;Island Pharmacy<\/a><br><a href=\"https:\/\/www.desjardins.com\/fr\/votre_caisse\/accueil.jsp?transit=81520231\" target=\"_blank\" rel=\"noreferrer noopener\">Orleans&#8217;Island Caisse Populaire (ATM)<\/a><br><a href=\"http:\/\/www.dfo-mpo.gc.ca\/index-fra.htm\" target=\"_blank\" rel=\"noreferrer noopener\">Fisheries and Oceans Canada<\/a><br><a href=\"http:\/\/savoirfaire.iledorleans.com\/\" target=\"_blank\" rel=\"noreferrer noopener\">Orleans&#8217;Island Know-How<\/a><br><a href=\"http:\/\/www.csssqn.qc.ca\/fr\/nous-joindre\/clsc\/clsc-orleans-ile-d-orleans\/\" target=\"_blank\" rel=\"noreferrer noopener\">Orleans&#8217;Island CLSC (Medical Center)<\/a><br><a href=\"http:\/\/www.plumobile.ca\/\" target=\"_blank\" rel=\"noreferrer noopener\">PLUMOBILE Public Transportation on the Island<\/a><br><a href=\"http:\/\/teledici.com\/\" target=\"_blank\" rel=\"noreferrer noopener\">La T\u00e9l\u00e9 d&#8217;ici<\/a><br><a href=\"http:\/\/www.autourdelile.com\/\" target=\"_blank\" rel=\"noreferrer noopener\">Autour de l&#8217;\u00eele Journal<\/a><br><a href=\"http:\/\/www.marinetraffic.com\/es\/ais\/home\/shipid:382368\/zoom:10\" target=\"_blank\" rel=\"noreferrer noopener\">Marine Traffic<\/a><br><a href=\"http:\/\/www.fqcc.ca\/pratique-savoir-vivre-et-civisme.html\" target=\"_blank\" rel=\"noreferrer noopener\">Civisme in camping<\/a><br><a href=\"http:\/\/alliancetouristique.com\/\" target=\"_blank\" rel=\"noreferrer noopener\">Alliance de l&#8217;industrie touristique du Qu\u00e9bec<\/a><\/p>\n\n<\/div><\/div>\n\n\n\n<div style=\"height:150px\" aria-hidden=\"true\" class=\"wp-block-spacer\"><\/div>\n\n\n\n<div class=\"wp-block-group alignfull has-white-color has-secondary-background-color has-text-color has-background\" style=\"padding-top:50px;padding-bottom:50px\"><div class=\"wp-block-group__inner-container is-layout-flow wp-block-group-is-layout-flow\">\n<h2 class=\"wp-block-heading has-text-align-center\">Book now.<\/h2>\n\n\n\n<div style=\"height:30px\" aria-hidden=\"true\" class=\"wp-block-spacer\"><\/div>\n\n\n\n<div class=\"wp-block-buttons is-horizontal is-content-justification-center is-layout-flex wp-container-core-buttons-is-layout-499968f5 wp-block-buttons-is-layout-flex\">\n<div class=\"wp-block-button\"><a class=\"wp-block-button__link has-primary-color has-white-background-color has-text-color has-background wp-element-button\" href=\"https:\/\/secure.reservationcamping.ca\/cgi-bin\/reservation.cgi?camping_id=7f368c389020ea0019c33c0ef0&amp;ar=1\" target=\"_blank\" rel=\"noreferrer noopener\">Book<\/a><\/div>\n<\/div>\n<\/div><\/div>\n","protected":false},"excerpt":{"rendered":"<p>The campground opens on May 21st 2021 and closes on October 11th, 2021.<\/p>\n","protected":false},"author":1,"featured_media":0,"parent":0,"menu_order":0,"comment_status":"closed","ping_status":"closed","template":"","meta":{"_acf_changed":false,"footnotes":""},"class_list":["post-530","page","type-page","status-publish","hentry"],"acf":[],"yoast_head":"<!-- This site is optimized with the Yoast SEO plugin v22.6 - https:\/\/yoast.com\/wordpress\/plugins\/seo\/ -->\n<title>Informations - Camping Orl\u00e9ans<\/title>\n<meta name=\"robots\" content=\"index, follow, max-snippet:-1, max-image-preview:large, max-video-preview:-1\" \/>\n<link rel=\"canonical\" href=\"https:\/\/campingorleans.com\/en\/informations\/\" \/>\n<meta property=\"og:locale\" content=\"en_US\" \/>\n<meta property=\"og:type\" content=\"article\" \/>\n<meta property=\"og:title\" content=\"Informations - Camping Orl\u00e9ans\" \/>\n<meta property=\"og:description\" content=\"The campground opens on May 21st 2021 and closes on October 11th, 2021.\" \/>\n<meta property=\"og:url\" content=\"https:\/\/campingorleans.com\/en\/informations\/\" \/>\n<meta property=\"og:site_name\" content=\"Camping Orl\u00e9ans\" \/>\n<meta property=\"article:publisher\" content=\"https:\/\/www.facebook.com\/campingorleans\" \/>\n<meta property=\"article:modified_time\" content=\"2024-07-13T23:51:09+00:00\" \/>\n<meta property=\"og:image\" content=\"https:\/\/campingorleans.com\/app\/uploads\/2021\/05\/camping-orleans-informations-scaled.jpg\" \/>\n<meta name=\"twitter:card\" content=\"summary_large_image\" \/>\n<meta name=\"twitter:label1\" content=\"Est. reading time\" \/>\n\t<meta name=\"twitter:data1\" content=\"4 minutes\" \/>\n<script type=\"application\/ld+json\" class=\"yoast-schema-graph\">{\"@context\":\"https:\/\/schema.org\",\"@graph\":[{\"@type\":\"WebPage\",\"@id\":\"https:\/\/campingorleans.com\/en\/informations\/\",\"url\":\"https:\/\/campingorleans.com\/en\/informations\/\",\"name\":\"Informations - Camping Orl\u00e9ans\",\"isPartOf\":{\"@id\":\"https:\/\/campingorleans.com\/en\/#website\"},\"primaryImageOfPage\":{\"@id\":\"https:\/\/campingorleans.com\/en\/informations\/#primaryimage\"},\"image\":{\"@id\":\"https:\/\/campingorleans.com\/en\/informations\/#primaryimage\"},\"thumbnailUrl\":\"https:\/\/campingorleans.com\/app\/uploads\/2021\/05\/camping-orleans-informations-scaled.jpg\",\"datePublished\":\"2021-04-12T13:22:22+00:00\",\"dateModified\":\"2024-07-13T23:51:09+00:00\",\"breadcrumb\":{\"@id\":\"https:\/\/campingorleans.com\/en\/informations\/#breadcrumb\"},\"inLanguage\":\"en-US\",\"potentialAction\":[{\"@type\":\"ReadAction\",\"target\":[\"https:\/\/campingorleans.com\/en\/informations\/\"]}]},{\"@type\":\"ImageObject\",\"inLanguage\":\"en-US\",\"@id\":\"https:\/\/campingorleans.com\/en\/informations\/#primaryimage\",\"url\":\"https:\/\/campingorleans.com\/app\/uploads\/2021\/05\/camping-orleans-informations-scaled.jpg\",\"contentUrl\":\"https:\/\/campingorleans.com\/app\/uploads\/2021\/05\/camping-orleans-informations-scaled.jpg\"},{\"@type\":\"BreadcrumbList\",\"@id\":\"https:\/\/campingorleans.com\/en\/informations\/#breadcrumb\",\"itemListElement\":[{\"@type\":\"ListItem\",\"position\":1,\"name\":\"Accueil\",\"item\":\"https:\/\/campingorleans.com\/en\/\"},{\"@type\":\"ListItem\",\"position\":2,\"name\":\"Informations\"}]},{\"@type\":\"WebSite\",\"@id\":\"https:\/\/campingorleans.com\/en\/#website\",\"url\":\"https:\/\/campingorleans.com\/en\/\",\"name\":\"Camping Orl\u00e9ans\",\"description\":\"\u00cele d&#039;Orl\u00e9ans | Qu\u00e9bec\",\"publisher\":{\"@id\":\"https:\/\/campingorleans.com\/en\/#organization\"},\"potentialAction\":[{\"@type\":\"SearchAction\",\"target\":{\"@type\":\"EntryPoint\",\"urlTemplate\":\"https:\/\/campingorleans.com\/en\/?s={search_term_string}\"},\"query-input\":\"required name=search_term_string\"}],\"inLanguage\":\"en-US\"},{\"@type\":\"Organization\",\"@id\":\"https:\/\/campingorleans.com\/en\/#organization\",\"name\":\"Camping Orl\u00e9ans\",\"url\":\"https:\/\/campingorleans.com\/en\/\",\"logo\":{\"@type\":\"ImageObject\",\"inLanguage\":\"en-US\",\"@id\":\"https:\/\/campingorleans.com\/en\/#\/schema\/logo\/image\/\",\"url\":\"https:\/\/campingorleans.com\/app\/uploads\/2021\/04\/icon-camping-orleans.svg\",\"contentUrl\":\"https:\/\/campingorleans.com\/app\/uploads\/2021\/04\/icon-camping-orleans.svg\",\"width\":67,\"height\":67,\"caption\":\"Camping Orl\u00e9ans\"},\"image\":{\"@id\":\"https:\/\/campingorleans.com\/en\/#\/schema\/logo\/image\/\"},\"sameAs\":[\"https:\/\/www.facebook.com\/campingorleans\",\"https:\/\/www.instagram.com\/campingorleans\/\"]}]}<\/script>\n<!-- \/ Yoast SEO plugin. -->","yoast_head_json":{"title":"Informations - Camping Orl\u00e9ans","robots":{"index":"index","follow":"follow","max-snippet":"max-snippet:-1","max-image-preview":"max-image-preview:large","max-video-preview":"max-video-preview:-1"},"canonical":"https:\/\/campingorleans.com\/en\/informations\/","og_locale":"en_US","og_type":"article","og_title":"Informations - Camping Orl\u00e9ans","og_description":"The campground opens on May 21st 2021 and closes on October 11th, 2021.","og_url":"https:\/\/campingorleans.com\/en\/informations\/","og_site_name":"Camping Orl\u00e9ans","article_publisher":"https:\/\/www.facebook.com\/campingorleans","article_modified_time":"2024-07-13T23:51:09+00:00","og_image":[{"url":"https:\/\/campingorleans.com\/app\/uploads\/2021\/05\/camping-orleans-informations-scaled.jpg"}],"twitter_card":"summary_large_image","twitter_misc":{"Est. reading time":"4 minutes"},"schema":{"@context":"https:\/\/schema.org","@graph":[{"@type":"WebPage","@id":"https:\/\/campingorleans.com\/en\/informations\/","url":"https:\/\/campingorleans.com\/en\/informations\/","name":"Informations - Camping Orl\u00e9ans","isPartOf":{"@id":"https:\/\/campingorleans.com\/en\/#website"},"primaryImageOfPage":{"@id":"https:\/\/campingorleans.com\/en\/informations\/#primaryimage"},"image":{"@id":"https:\/\/campingorleans.com\/en\/informations\/#primaryimage"},"thumbnailUrl":"https:\/\/campingorleans.com\/app\/uploads\/2021\/05\/camping-orleans-informations-scaled.jpg","datePublished":"2021-04-12T13:22:22+00:00","dateModified":"2024-07-13T23:51:09+00:00","breadcrumb":{"@id":"https:\/\/campingorleans.com\/en\/informations\/#breadcrumb"},"inLanguage":"en-US","potentialAction":[{"@type":"ReadAction","target":["https:\/\/campingorleans.com\/en\/informations\/"]}]},{"@type":"ImageObject","inLanguage":"en-US","@id":"https:\/\/campingorleans.com\/en\/informations\/#primaryimage","url":"https:\/\/campingorleans.com\/app\/uploads\/2021\/05\/camping-orleans-informations-scaled.jpg","contentUrl":"https:\/\/campingorleans.com\/app\/uploads\/2021\/05\/camping-orleans-informations-scaled.jpg"},{"@type":"BreadcrumbList","@id":"https:\/\/campingorleans.com\/en\/informations\/#breadcrumb","itemListElement":[{"@type":"ListItem","position":1,"name":"Accueil","item":"https:\/\/campingorleans.com\/en\/"},{"@type":"ListItem","position":2,"name":"Informations"}]},{"@type":"WebSite","@id":"https:\/\/campingorleans.com\/en\/#website","url":"https:\/\/campingorleans.com\/en\/","name":"Camping Orl\u00e9ans","description":"\u00cele d&#039;Orl\u00e9ans | Qu\u00e9bec","publisher":{"@id":"https:\/\/campingorleans.com\/en\/#organization"},"potentialAction":[{"@type":"SearchAction","target":{"@type":"EntryPoint","urlTemplate":"https:\/\/campingorleans.com\/en\/?s={search_term_string}"},"query-input":"required name=search_term_string"}],"inLanguage":"en-US"},{"@type":"Organization","@id":"https:\/\/campingorleans.com\/en\/#organization","name":"Camping Orl\u00e9ans","url":"https:\/\/campingorleans.com\/en\/","logo":{"@type":"ImageObject","inLanguage":"en-US","@id":"https:\/\/campingorleans.com\/en\/#\/schema\/logo\/image\/","url":"https:\/\/campingorleans.com\/app\/uploads\/2021\/04\/icon-camping-orleans.svg","contentUrl":"https:\/\/campingorleans.com\/app\/uploads\/2021\/04\/icon-camping-orleans.svg","width":67,"height":67,"caption":"Camping Orl\u00e9ans"},"image":{"@id":"https:\/\/campingorleans.com\/en\/#\/schema\/logo\/image\/"},"sameAs":["https:\/\/www.facebook.com\/campingorleans","https:\/\/www.instagram.com\/campingorleans\/"]}]}},"_links":{"self":[{"href":"https:\/\/campingorleans.com\/en\/wp-json\/wp\/v2\/pages\/530","targetHints":{"allow":["GET"]}}],"collection":[{"href":"https:\/\/campingorleans.com\/en\/wp-json\/wp\/v2\/pages"}],"about":[{"href":"https:\/\/campingorleans.com\/en\/wp-json\/wp\/v2\/types\/page"}],"author":[{"embeddable":true,"href":"https:\/\/campingorleans.com\/en\/wp-json\/wp\/v2\/users\/1"}],"replies":[{"embeddable":true,"href":"https:\/\/campingorleans.com\/en\/wp-json\/wp\/v2\/comments?post=530"}],"version-history":[{"count":20,"href":"https:\/\/campingorleans.com\/en\/wp-json\/wp\/v2\/pages\/530\/revisions"}],"predecessor-version":[{"id":1121,"href":"https:\/\/campingorleans.com\/en\/wp-json\/wp\/v2\/pages\/530\/revisions\/1121"}],"wp:attachment":[{"href":"https:\/\/campingorleans.com\/en\/wp-json\/wp\/v2\/media?parent=530"}],"curies":[{"name":"wp","href":"https:\/\/api.w.org\/{rel}","templated":true}]}}